{"id":38196,"date":"2026-05-05T18:09:04","date_gmt":"2026-05-05T18:09:04","guid":{"rendered":"https:\/\/mmyts.wordpresskodulehed.ee\/material-introduction\/"},"modified":"2026-05-05T18:09:04","modified_gmt":"2026-05-05T18:09:04","slug":"material-introduction","status":"publish","type":"page","link":"https:\/\/mmyts.wordpresskodulehed.ee\/en\/material-introduction\/","title":{"rendered":"Material introduction"},"content":{"rendered":"<p>K\u00f5ik k\u00e4sit\u00f6\u00f6na valmistatud kudumid on heegeldatud&nbsp; kvaliteetsetest k\u00e4sit\u00f6\u00f6l\u00f5ngadest. Tooted on valmistatud villasegul\u00f5ngadest ja alpakavilla sisaldavatest l\u00f5gadest. Villasegul\u00f5ngad on ilusad, pehmed ja lihtsad hooldada. Lambavill on m\u00f5nusalt soe, aga et see oleks nahale m\u00f5nus ja pehme kanda on l\u00f5ngale lisatud kunstvilla ehk akr\u00fc\u00fcli. See annab ka l\u00f5ngale rohkem kergust ja vastupidavust. \u00dchtlasi ei lase akr\u00fc\u00fcl l\u00f5nga sisse niiskusel imenduda, mis aitab s\u00e4ilitada kudumite vormi ja eluiga.<\/p>\n<p>Alpakavill annab l\u00f5ngale pehmust, vastupidavust ja soojust. Alpakavilla sisaldusega l\u00f5ngast tooted on siidiselt pehmed, sobivad suurep\u00e4raselt ka beebidele. Alpakavilla saadakse alpakadelt, need loomad on harjunud elama v\u00e4ga ekstreemsetes kliimatingimustes ning taluvad h\u00e4sti suuri temperatuuri muutusi. Alpakavillast tooted on v\u00e4ga soojad.<\/p>\n","protected":false},"excerpt":{"rendered":"<p>K\u00f5ik k\u00e4sit\u00f6\u00f6na valmistatud kudumid on heegeldatud&nbsp; kvaliteetsetest k\u00e4sit\u00f6\u00f6l\u00f5ngadest. Tooted on valmistatud villasegul\u00f5ngadest ja alpakavilla sisaldavatest l\u00f5gadest. Villasegul\u00f5ngad on ilusad, pehmed ja lihtsad hooldada. Lambavill on m\u00f5nusalt soe, aga et see oleks nahale m\u00f5nus ja pehme kanda on l\u00f5ngale lisatud kunstvilla ehk akr\u00fc\u00fcli. See annab ka l\u00f5ngale rohkem kergust ja vastupidavust. \u00dchtlasi ei lase akr\u00fc\u00fcl l\u00f5nga [&hellip;]<\/p>\n","protected":false},"author":0,"featured_media":0,"parent":0,"menu_order":3,"comment_status":"closed","ping_status":"closed","template":"","meta":{"_gspb_post_css":"","footnotes":""},"class_list":["post-38196","page","type-page","status-publish","hentry"],"blocksy_meta":[],"_links":{"self":[{"href":"https:\/\/mmyts.wordpresskodulehed.ee\/en\/wp-json\/wp\/v2\/pages\/38196","targetHints":{"allow":["GET"]}}],"collection":[{"href":"https:\/\/mmyts.wordpresskodulehed.ee\/en\/wp-json\/wp\/v2\/pages"}],"about":[{"href":"https:\/\/mmyts.wordpresskodulehed.ee\/en\/wp-json\/wp\/v2\/types\/page"}],"replies":[{"embeddable":true,"href":"https:\/\/mmyts.wordpresskodulehed.ee\/en\/wp-json\/wp\/v2\/comments?post=38196"}],"version-history":[{"count":0,"href":"https:\/\/mmyts.wordpresskodulehed.ee\/en\/wp-json\/wp\/v2\/pages\/38196\/revisions"}],"wp:attachment":[{"href":"https:\/\/mmyts.wordpresskodulehed.ee\/en\/wp-json\/wp\/v2\/media?parent=38196"}],"curies":[{"name":"wp","href":"https:\/\/api.w.org\/{rel}","templated":true}]}}