{"id":38197,"date":"2026-05-05T18:09:04","date_gmt":"2026-05-05T18:09:04","guid":{"rendered":"https:\/\/mmyts.wordpresskodulehed.ee\/useful-information\/"},"modified":"2026-05-05T18:09:04","modified_gmt":"2026-05-05T18:09:04","slug":"useful-information","status":"publish","type":"page","link":"https:\/\/mmyts.wordpresskodulehed.ee\/en\/useful-information\/","title":{"rendered":"Useful information"},"content":{"rendered":"<p>M\u00fctsi kandmise kasulikkusest saab lugeda j\u00e4rgmistest allikatest:<\/p>\n<p>\n<strong>ERR teadusportaal Novaator &#8211; lugeja k\u00fcsib:&#8221;Kui m\u00f5ttekas on talvel m\u00fctsi kandmine ?&#8221; <\/strong>(Jaan-Juhan Oidermaa, 26.10.16)<\/p>\n<p><a href=\"http:\/\/novaator.err.ee\/v\/lugejakysimus\/4439b22f-eae7-4ae1-b048-137ee510e8aa\/lugeja-kusib-kui-mottekas-on-talvel-mutsi-kandmine\">http:\/\/novaator.err.ee\/v\/lugejakysimus\/4439b22f-eae7-4ae1-b048-137ee510e8aa\/lugeja-kusib-kui-mottekas-on-talvel-mutsi-kandmine<\/a><\/p>\n<p><strong>Ajaleht Pealinn: &#8221; Paljas pea toob k\u00fclmaga p\u00f5letikud ja haprad juuksed.&#8221;<\/strong> (Urmas Kaldmaa, 16.01.15)<\/p>\n<p><a href=\"http:\/\/www.pealinn.ee\/tervis\/paljas-pea-toob-kulmaga-poletikud-ja-haprad-juuksed-n29364\">http:\/\/www.pealinn.ee\/tervis\/paljas-pea-toob-kulmaga-poletikud-ja-haprad-juuksed-n29364<\/a><\/p>\n<p>&nbsp;<\/p>\n","protected":false},"excerpt":{"rendered":"<p>M\u00fctsi kandmise kasulikkusest saab lugeda j\u00e4rgmistest allikatest: ERR teadusportaal Novaator &#8211; lugeja k\u00fcsib:&#8221;Kui m\u00f5ttekas on talvel m\u00fctsi kandmine ?&#8221; (Jaan-Juhan Oidermaa, 26.10.16) http:\/\/novaator.err.ee\/v\/lugejakysimus\/4439b22f-eae7-4ae1-b048-137ee510e8aa\/lugeja-kusib-kui-mottekas-on-talvel-mutsi-kandmine Ajaleht Pealinn: &#8221; Paljas pea toob k\u00fclmaga p\u00f5letikud ja haprad juuksed.&#8221; (Urmas Kaldmaa, 16.01.15) http:\/\/www.pealinn.ee\/tervis\/paljas-pea-toob-kulmaga-poletikud-ja-haprad-juuksed-n29364 &nbsp;<\/p>\n","protected":false},"author":0,"featured_media":0,"parent":0,"menu_order":5,"comment_status":"closed","ping_status":"closed","template":"","meta":{"_gspb_post_css":"","footnotes":""},"class_list":["post-38197","page","type-page","status-publish","hentry"],"blocksy_meta":[],"_links":{"self":[{"href":"https:\/\/mmyts.wordpresskodulehed.ee\/en\/wp-json\/wp\/v2\/pages\/38197","targetHints":{"allow":["GET"]}}],"collection":[{"href":"https:\/\/mmyts.wordpresskodulehed.ee\/en\/wp-json\/wp\/v2\/pages"}],"about":[{"href":"https:\/\/mmyts.wordpresskodulehed.ee\/en\/wp-json\/wp\/v2\/types\/page"}],"replies":[{"embeddable":true,"href":"https:\/\/mmyts.wordpresskodulehed.ee\/en\/wp-json\/wp\/v2\/comments?post=38197"}],"version-history":[{"count":0,"href":"https:\/\/mmyts.wordpresskodulehed.ee\/en\/wp-json\/wp\/v2\/pages\/38197\/revisions"}],"wp:attachment":[{"href":"https:\/\/mmyts.wordpresskodulehed.ee\/en\/wp-json\/wp\/v2\/media?parent=38197"}],"curies":[{"name":"wp","href":"https:\/\/api.w.org\/{rel}","templated":true}]}}