{"id":38199,"date":"2026-05-05T18:09:04","date_gmt":"2026-05-05T18:09:04","guid":{"rendered":"https:\/\/mmyts.wordpresskodulehed.ee\/how-to-care-the-products\/"},"modified":"2026-05-05T18:09:04","modified_gmt":"2026-05-05T18:09:04","slug":"how-to-care-the-products","status":"publish","type":"page","link":"https:\/\/mmyts.wordpresskodulehed.ee\/en\/how-to-care-the-products\/","title":{"rendered":"How to care the products"},"content":{"rendered":"<p>L\u00f5ngatootjad soovitavad tooteid pesta masinpesu kuni&nbsp; 30\u00b0 C juures.<br \/>\nKuna k\u00f5ik tooted on valminud k\u00e4sit\u00f6\u00f6na, siis meie soovitame:<br \/>\n\u2022&nbsp;Pese kudumeid k\u00e4sitsi<br \/>\n\u2022&nbsp;Masinaga pestes kasuta kindlasti k\u00e4sipesu- v\u00f5i villapesuprogrammi, temperatuuril mitte \u00fcle 30\u00b0 C<br \/>\n\u2022&nbsp;Pestud kudumid v\u00e4\u00e4na \u00f5rnalt kuivemaks ja kuivata laotatult, et s\u00e4iliks nende kuju<br \/>\n\u2022&nbsp;Kindlasti \u00e4ra riputa kudumeid kuivama, siis venib l\u00f5ngakiud v\u00e4lja ja kudum kaotab oma kuju<br \/>\n\u2022&nbsp;\u00c4ra kuivata kudumeid liiga kuumas (radiaator, pesukuivati)<br \/>\n\u2022&nbsp;Soovitame kasutada villapesuks m\u00f5eldud pesuvahendeid<br \/>\n&nbsp;<\/p>\n","protected":false},"excerpt":{"rendered":"<p>L\u00f5ngatootjad soovitavad tooteid pesta masinpesu kuni&nbsp; 30\u00b0 C juures. Kuna k\u00f5ik tooted on valminud k\u00e4sit\u00f6\u00f6na, siis meie soovitame: \u2022&nbsp;Pese kudumeid k\u00e4sitsi \u2022&nbsp;Masinaga pestes kasuta kindlasti k\u00e4sipesu- v\u00f5i villapesuprogrammi, temperatuuril mitte \u00fcle 30\u00b0 C \u2022&nbsp;Pestud kudumid v\u00e4\u00e4na \u00f5rnalt kuivemaks ja kuivata laotatult, et s\u00e4iliks nende kuju \u2022&nbsp;Kindlasti \u00e4ra riputa kudumeid kuivama, siis venib l\u00f5ngakiud v\u00e4lja ja [&hellip;]<\/p>\n","protected":false},"author":0,"featured_media":0,"parent":0,"menu_order":4,"comment_status":"closed","ping_status":"closed","template":"","meta":{"_gspb_post_css":"","footnotes":""},"class_list":["post-38199","page","type-page","status-publish","hentry"],"blocksy_meta":[],"_links":{"self":[{"href":"https:\/\/mmyts.wordpresskodulehed.ee\/en\/wp-json\/wp\/v2\/pages\/38199","targetHints":{"allow":["GET"]}}],"collection":[{"href":"https:\/\/mmyts.wordpresskodulehed.ee\/en\/wp-json\/wp\/v2\/pages"}],"about":[{"href":"https:\/\/mmyts.wordpresskodulehed.ee\/en\/wp-json\/wp\/v2\/types\/page"}],"replies":[{"embeddable":true,"href":"https:\/\/mmyts.wordpresskodulehed.ee\/en\/wp-json\/wp\/v2\/comments?post=38199"}],"version-history":[{"count":0,"href":"https:\/\/mmyts.wordpresskodulehed.ee\/en\/wp-json\/wp\/v2\/pages\/38199\/revisions"}],"wp:attachment":[{"href":"https:\/\/mmyts.wordpresskodulehed.ee\/en\/wp-json\/wp\/v2\/media?parent=38199"}],"curies":[{"name":"wp","href":"https:\/\/api.w.org\/{rel}","templated":true}]}}