{"id":38201,"date":"2026-05-05T18:09:04","date_gmt":"2026-05-05T18:09:04","guid":{"rendered":"https:\/\/mmyts.wordpresskodulehed.ee\/customers-talk-about-as\/"},"modified":"2026-05-05T18:09:04","modified_gmt":"2026-05-05T18:09:04","slug":"customers-talk-about-as","status":"publish","type":"page","link":"https:\/\/mmyts.wordpresskodulehed.ee\/en\/customers-talk-about-as\/","title":{"rendered":"Customers talk about as.."},"content":{"rendered":"<p>&nbsp;<\/p>\n<p>To: &#8220;mmyts@mmyts.ee&#8221; &lt;mmyts@mmyts.ee&gt;<br \/>\nDate: 2020-05-19 20:48:01<br \/>\nSubject: RE: Mmyts O\u00dc &#8211; Tellimus 1433 uuendatud<\/p>\n<p>TereV\u00e4ga kiire teenindus teil. M\u00fctsi v\u00e4rvikombinatsioonid olid nagu pildi peal.Olen rahul ja t\u00e4nan teid.Raivo<\/p>\n<p>\u2026\u2026\u2026\u2026\u2026\u2026\u2026\u2026\u2026\u2026\u2026..<\/p>\n<p>To: &#8220;<a href=\"mailto:mmyts@mmyts.ee\" target=\"_blank\">mmyts@mmyts.ee<\/a>&#8221; &lt;<a href=\"mailto:mmyts@mmyts.ee\" target=\"_blank\">mmyts@mmyts.ee<\/a>&gt;<br \/>\nDate: 2018-11-14 14:22:38<br \/>\nSubject: RE: Mmyts O\u00dc &#8211; Tellimus 756 uuendatud<\/p>\n<p>Tere! Suur t\u00e4nu, olete eriti kiired tellimuse t\u00e4itmisel. Ilusat p\u00e4eva! Lugupidamisega Leili Mandel<\/p>\n<p>\u2026\u2026\u2026\u2026\u2026\u2026\u2026\u2026\u2026\u2026\u2026..<\/p>\n<p>To: &#8220;mmyts@mmyts.ee&#8221; &lt;mmyts@mmyts.ee&gt;<br \/>\nDate: 2018-08-04 09:38:38<br \/>\nSubject: P\u00e4ring Renita<\/p>\n<p>Tere t\u00f6\u00f6kas Mmyts\u00b4i meeskond!<\/p>\n<p>Meie pere poolt teile vaid kiidus\u00f5nad. Kaup on kvaliteetne ja k\u00e4ttetoimetamine toimub lausa v\u00e4lgukiirusel.<br \/>\nTervitades<\/p>\n<p>Renita<\/p>\n<p>\u2026\u2026\u2026\u2026\u2026\u2026\u2026\u2026\u2026\u2026\u2026..<\/p>\n<p>To: &#8220;<a href=\"mailto:mmyts@mmyts.ee\">mmyts@mmyts.ee<\/a>&#8221; &lt;<a href=\"mailto:mmyts@mmyts.ee\">mmyts@mmyts.ee<\/a>&gt;<br \/>\nDate: 08.12.2017 10:41:35<br \/>\nSubject: Re:<\/p>\n<p>Ahhoi,<br \/>\nt\u00e4nud meeldiva ja kiire teeninduse eest.<br \/>\nTeatrile on teil v\u00f5tta palju huvitavat.<\/p>\n<p>P\u00e4ikest,<br \/>\nKrall<br \/>\n\u2026\u2026\u2026\u2026\u2026\u2026\u2026\u2026\u2026\u2026\u2026..<\/p>\n<p>Tere,<br \/>\n&nbsp;Tahan t\u00e4nada Teid, kaup on ilusti k\u00e4es ja ma olen t\u00f5esti r\u00f5\u00f5must r\u00f5katav &#8211; v\u00e4ga ilus k\u00fcbar, nii et j\u00e4rgmine kuu palgap\u00e4eval ma tellin (kodulehe kaudu) veel kaks k\u00fcbarat :). J\u00f5udu Teile ja j\u00e4\u00e4n teie p\u00fcsikliendiks &#8211; see on t\u00f5esti midagi v\u00e4ga fantastilist.<br \/>\n&nbsp;Karin<br \/>\n\u2026\u2026\u2026\u2026\u2026\u2026\u2026\u2026\u2026\u2026\u2026..<br \/>\n&nbsp;Tere!<br \/>\n&nbsp;Soni juba k\u00e4es (\u00f5igemini peas????) ja istub nagu valatult. M\u00e4rkasin ise ka,<br \/>\n&nbsp;et on XL, aga k\u00f5ik on korras.<br \/>\n&nbsp;K\u00f5ike kaunist,<br \/>\n&nbsp;Peep<br \/>\n\u2026\u2026\u2026\u2026\u2026\u2026\u2026\u2026\u2026\u2026\u2026..<br \/>\nTo: &#8220;Mmyts O\u00dc&#8221; &lt;<a href=\"mailto:mmyts@mmyts.ee\">mmyts@mmyts.ee<\/a>&gt;<br \/>\nDate: 24.10.2017 16:36:55<br \/>\nSubject: Vs: Mmyts O\u00dc &#8211; Tellimus 261 uuendatud<br \/>\nkaubaga v\u00e4ga rahul T\u00e4nud !<br \/>\n\u2026\u2026\u2026\u2026\u2026\u2026\u2026\u2026\u2026\u2026\u2026..<br \/>\nTere!<br \/>\ntahaks teile anda head reviewd, aga kahjuks ei ole see veel v\u00f5imalik. Kui te selle aktiveerite, annaksin esimese 5* J<br \/>\nAnnely<\/p>\n<p>&nbsp;<\/p>\n","protected":false},"excerpt":{"rendered":"<p>&nbsp; To: &#8220;mmyts@mmyts.ee&#8221; &lt;mmyts@mmyts.ee&gt; Date: 2020-05-19 20:48:01 Subject: RE: Mmyts O\u00dc &#8211; Tellimus 1433 uuendatud TereV\u00e4ga kiire teenindus teil. M\u00fctsi v\u00e4rvikombinatsioonid olid nagu pildi peal.Olen rahul ja t\u00e4nan teid.Raivo \u2026\u2026\u2026\u2026\u2026\u2026\u2026\u2026\u2026\u2026\u2026.. To: &#8220;mmyts@mmyts.ee&#8221; &lt;mmyts@mmyts.ee&gt; Date: 2018-11-14 14:22:38 Subject: RE: Mmyts O\u00dc &#8211; Tellimus 756 uuendatud Tere! Suur t\u00e4nu, olete eriti kiired tellimuse t\u00e4itmisel. Ilusat p\u00e4eva! Lugupidamisega [&hellip;]<\/p>\n","protected":false},"author":0,"featured_media":0,"parent":0,"menu_order":6,"comment_status":"closed","ping_status":"closed","template":"","meta":{"_gspb_post_css":"","footnotes":""},"class_list":["post-38201","page","type-page","status-publish","hentry"],"blocksy_meta":[],"_links":{"self":[{"href":"https:\/\/mmyts.wordpresskodulehed.ee\/en\/wp-json\/wp\/v2\/pages\/38201","targetHints":{"allow":["GET"]}}],"collection":[{"href":"https:\/\/mmyts.wordpresskodulehed.ee\/en\/wp-json\/wp\/v2\/pages"}],"about":[{"href":"https:\/\/mmyts.wordpresskodulehed.ee\/en\/wp-json\/wp\/v2\/types\/page"}],"replies":[{"embeddable":true,"href":"https:\/\/mmyts.wordpresskodulehed.ee\/en\/wp-json\/wp\/v2\/comments?post=38201"}],"version-history":[{"count":0,"href":"https:\/\/mmyts.wordpresskodulehed.ee\/en\/wp-json\/wp\/v2\/pages\/38201\/revisions"}],"wp:attachment":[{"href":"https:\/\/mmyts.wordpresskodulehed.ee\/en\/wp-json\/wp\/v2\/media?parent=38201"}],"curies":[{"name":"wp","href":"https:\/\/api.w.org\/{rel}","templated":true}]}}