{"id":26020,"date":"2026-05-05T17:25:12","date_gmt":"2026-05-05T17:25:12","guid":{"rendered":"https:\/\/mmyts.wordpresskodulehed.ee\/toode\/beanie-for-adults\/"},"modified":"2026-05-05T17:25:12","modified_gmt":"2026-05-05T17:25:12","slug":"beanie-for-adults","status":"publish","type":"product","link":"https:\/\/mmyts.wordpresskodulehed.ee\/en\/toode\/beanie-for-adults\/","title":{"rendered":"Beanie for adults"},"content":{"rendered":"","protected":false},"excerpt":{"rendered":"<p>talvem\u00fcts, talvem\u00fctsid, soe talvem\u00fcts,<br \/>\nsoe m\u00fcts, m\u00fcts,  mmyts, winter hat, hat, peakate, peakatted, soojad m\u00fctsid, meeste m\u00fctsid, naiste m\u00fctsid, laste m\u00fctsid, kaabud, talveriided, kindad, sonid, k\u00fcbarad, beanied, tutim\u00fcts, tutim\u00fctsid, pompom hat<\/p>\n","protected":false},"featured_media":12195,"template":"","meta":{"_gspb_post_css":""},"product_brand":[],"product_cat":[244,283],"product_tag":[],"class_list":{"0":"post-26020","1":"product","2":"type-product","3":"status-publish","4":"has-post-thumbnail","6":"product_cat-adults-hats","7":"product_cat-pompom-hats","9":"first","10":"instock","11":"shipping-taxable","12":"purchasable","13":"product-type-simple"},"_links":{"self":[{"href":"https:\/\/mmyts.wordpresskodulehed.ee\/en\/wp-json\/wp\/v2\/product\/26020","targetHints":{"allow":["GET"]}}],"collection":[{"href":"https:\/\/mmyts.wordpresskodulehed.ee\/en\/wp-json\/wp\/v2\/product"}],"about":[{"href":"https:\/\/mmyts.wordpresskodulehed.ee\/en\/wp-json\/wp\/v2\/types\/product"}],"wp:featuredmedia":[{"embeddable":true,"href":"https:\/\/mmyts.wordpresskodulehed.ee\/en\/wp-json\/wp\/v2\/media\/12195"}],"wp:attachment":[{"href":"https:\/\/mmyts.wordpresskodulehed.ee\/en\/wp-json\/wp\/v2\/media?parent=26020"}],"wp:term":[{"taxonomy":"product_brand","embeddable":true,"href":"https:\/\/mmyts.wordpresskodulehed.ee\/en\/wp-json\/wp\/v2\/product_brand?post=26020"},{"taxonomy":"product_cat","embeddable":true,"href":"https:\/\/mmyts.wordpresskodulehed.ee\/en\/wp-json\/wp\/v2\/product_cat?post=26020"},{"taxonomy":"product_tag","embeddable":true,"href":"https:\/\/mmyts.wordpresskodulehed.ee\/en\/wp-json\/wp\/v2\/product_tag?post=26020"}],"curies":[{"name":"wp","href":"https:\/\/api.w.org\/{rel}","templated":true}]}}