{"id":26316,"date":"2026-05-05T17:26:36","date_gmt":"2026-05-05T17:26:36","guid":{"rendered":"https:\/\/mmyts.wordpresskodulehed.ee\/toode\/classic-top-hat\/"},"modified":"2026-05-05T17:26:36","modified_gmt":"2026-05-05T17:26:36","slug":"classic-top-hat","status":"publish","type":"product","link":"https:\/\/mmyts.wordpresskodulehed.ee\/en\/toode\/classic-top-hat\/","title":{"rendered":"Classic top hat"},"content":{"rendered":"<p style=\"margin-left: 36pt\"><strong>Classic top hat<\/strong><\/p>\n<ul>\n<li>\u00b7&nbsp;&nbsp;&nbsp;&nbsp;&nbsp;&nbsp;&nbsp;&nbsp; Made From 100% Premium Wool<\/li>\n<li>\u00b7&nbsp;&nbsp;&nbsp;&nbsp;&nbsp;&nbsp;&nbsp;&nbsp; Unmatched Hand Made Quality<\/li>\n<li>\u00b7&nbsp;&nbsp;&nbsp;&nbsp;&nbsp;&nbsp;&nbsp;&nbsp; Satin Lining &amp; Ribbon Band<\/li>\n<li>\u00b7&nbsp;&nbsp;&nbsp;&nbsp;&nbsp;&nbsp;&nbsp;&nbsp; Comfortable To Wear And Easy To Clean<\/li>\n<li>\u00b7&nbsp;&nbsp;&nbsp;&nbsp;&nbsp;&nbsp;&nbsp;&nbsp; Height: 12.5cm<\/li>\n<li>\u00b7&nbsp;&nbsp;&nbsp;&nbsp;&nbsp;&nbsp;&nbsp;&nbsp; Colour: brown<\/li>\n<\/ul>\n<table border=\"1\" cellpadding=\"1\" cellspacing=\"1\" style=\"font-size: 13px;width: 200px\">\n<tbody>\n<tr>\n<td>Size&nbsp;<\/td>\n<td>Head perimeter<\/td>\n<\/tr>\n<tr>\n<td>XS<\/td>\n<td>55 cm<\/td>\n<\/tr>\n<tr>\n<td>S<\/td>\n<td>56 cm<\/td>\n<\/tr>\n<tr>\n<td>M<\/td>\n<td>57-58 cm<\/td>\n<\/tr>\n<tr>\n<td>L<\/td>\n<td>59 cm<\/td>\n<\/tr>\n<tr>\n<td>XL<\/td>\n<td>60 cm<\/td>\n<\/tr>\n<tr>\n<td>XXL<\/td>\n<td>61 cm<\/td>\n<\/tr>\n<tr>\n<td>XXXL<\/td>\n<td>62 cm<\/td>\n<\/tr>\n<\/tbody>\n<\/table>\n<p>&nbsp;<\/p>\n","protected":false},"excerpt":{"rendered":"<p>classic top hat, klassikaline toruk\u00fcbar, k\u00fcbar, h\u00e4rraste k\u00fcbar, kaabu, top hat , klassikaline m\u00fcts, classic hat, k\u00f5vak\u00fcbar, old fashioned hat, coachman hat, horse driver hat, kutsari m\u00fcts<\/p>\n","protected":false},"featured_media":12501,"template":"","meta":{"_gspb_post_css":""},"product_brand":[],"product_cat":[280],"product_tag":[],"class_list":{"0":"post-26316","1":"product","2":"type-product","3":"status-publish","4":"has-post-thumbnail","6":"product_cat-top-hats","8":"first","9":"instock","10":"shipping-taxable","11":"purchasable","12":"product-type-variable"},"_links":{"self":[{"href":"https:\/\/mmyts.wordpresskodulehed.ee\/en\/wp-json\/wp\/v2\/product\/26316","targetHints":{"allow":["GET"]}}],"collection":[{"href":"https:\/\/mmyts.wordpresskodulehed.ee\/en\/wp-json\/wp\/v2\/product"}],"about":[{"href":"https:\/\/mmyts.wordpresskodulehed.ee\/en\/wp-json\/wp\/v2\/types\/product"}],"wp:featuredmedia":[{"embeddable":true,"href":"https:\/\/mmyts.wordpresskodulehed.ee\/en\/wp-json\/wp\/v2\/media\/12501"}],"wp:attachment":[{"href":"https:\/\/mmyts.wordpresskodulehed.ee\/en\/wp-json\/wp\/v2\/media?parent=26316"}],"wp:term":[{"taxonomy":"product_brand","embeddable":true,"href":"https:\/\/mmyts.wordpresskodulehed.ee\/en\/wp-json\/wp\/v2\/product_brand?post=26316"},{"taxonomy":"product_cat","embeddable":true,"href":"https:\/\/mmyts.wordpresskodulehed.ee\/en\/wp-json\/wp\/v2\/product_cat?post=26316"},{"taxonomy":"product_tag","embeddable":true,"href":"https:\/\/mmyts.wordpresskodulehed.ee\/en\/wp-json\/wp\/v2\/product_tag?post=26316"}],"curies":[{"name":"wp","href":"https:\/\/api.w.org\/{rel}","templated":true}]}}