{"id":26368,"date":"2026-05-05T17:26:40","date_gmt":"2026-05-05T17:26:40","guid":{"rendered":"https:\/\/mmyts.wordpresskodulehed.ee\/toode\/classic-youth-top-hat\/"},"modified":"2026-05-05T17:26:40","modified_gmt":"2026-05-05T17:26:40","slug":"classic-youth-top-hat","status":"publish","type":"product","link":"https:\/\/mmyts.wordpresskodulehed.ee\/en\/toode\/classic-youth-top-hat\/","title":{"rendered":"Classic youth top hat"},"content":{"rendered":"","protected":false},"excerpt":{"rendered":"<p>classic top hat, klassikaline toruk\u00fcbar, k\u00fcbar, h\u00e4rraste k\u00fcbar, kaabu, top hat , klassikaline m\u00fcts, classic hat, k\u00f5vak\u00fcbar, old fashioned hat, coachman hat, horse driver hat, kutsari m\u00fcts<\/p>\n","protected":false},"featured_media":12516,"template":"","meta":{"_gspb_post_css":""},"product_brand":[],"product_cat":[280],"product_tag":[],"class_list":{"0":"post-26368","1":"product","2":"type-product","3":"status-publish","4":"has-post-thumbnail","6":"product_cat-top-hats","8":"first","9":"instock","10":"shipping-taxable","11":"purchasable","12":"product-type-variable"},"_links":{"self":[{"href":"https:\/\/mmyts.wordpresskodulehed.ee\/en\/wp-json\/wp\/v2\/product\/26368","targetHints":{"allow":["GET"]}}],"collection":[{"href":"https:\/\/mmyts.wordpresskodulehed.ee\/en\/wp-json\/wp\/v2\/product"}],"about":[{"href":"https:\/\/mmyts.wordpresskodulehed.ee\/en\/wp-json\/wp\/v2\/types\/product"}],"wp:featuredmedia":[{"embeddable":true,"href":"https:\/\/mmyts.wordpresskodulehed.ee\/en\/wp-json\/wp\/v2\/media\/12516"}],"wp:attachment":[{"href":"https:\/\/mmyts.wordpresskodulehed.ee\/en\/wp-json\/wp\/v2\/media?parent=26368"}],"wp:term":[{"taxonomy":"product_brand","embeddable":true,"href":"https:\/\/mmyts.wordpresskodulehed.ee\/en\/wp-json\/wp\/v2\/product_brand?post=26368"},{"taxonomy":"product_cat","embeddable":true,"href":"https:\/\/mmyts.wordpresskodulehed.ee\/en\/wp-json\/wp\/v2\/product_cat?post=26368"},{"taxonomy":"product_tag","embeddable":true,"href":"https:\/\/mmyts.wordpresskodulehed.ee\/en\/wp-json\/wp\/v2\/product_tag?post=26368"}],"curies":[{"name":"wp","href":"https:\/\/api.w.org\/{rel}","templated":true}]}}