{"id":26407,"date":"2026-05-05T17:26:43","date_gmt":"2026-05-05T17:26:43","guid":{"rendered":"https:\/\/mmyts.wordpresskodulehed.ee\/toode\/classic-beret\/"},"modified":"2026-05-05T17:26:43","modified_gmt":"2026-05-05T17:26:43","slug":"classic-beret","status":"publish","type":"product","link":"https:\/\/mmyts.wordpresskodulehed.ee\/en\/toode\/classic-beret\/","title":{"rendered":"Classic beret"},"content":{"rendered":"<p>Classical beret with sequine pattern<\/p>\n<p>One size<\/p>\n","protected":false},"excerpt":{"rendered":"<p>barett, m\u00fcts, peakate, m\u00fctsid, talvem\u00fctsid, beret, berets, naiste m\u00fcts, talvem\u00fcts, winter hat, hats, peakatted, kaabud, caps, nokam\u00fcts, nokats, k\u00fcbar<\/p>\n","protected":false},"featured_media":12543,"template":"","meta":{"_gspb_post_css":""},"product_brand":[],"product_cat":[222],"product_tag":[],"class_list":{"0":"post-26407","1":"product","2":"type-product","3":"status-publish","4":"has-post-thumbnail","6":"product_cat-berets","8":"first","9":"instock","10":"shipping-taxable","11":"purchasable","12":"product-type-simple"},"_links":{"self":[{"href":"https:\/\/mmyts.wordpresskodulehed.ee\/en\/wp-json\/wp\/v2\/product\/26407","targetHints":{"allow":["GET"]}}],"collection":[{"href":"https:\/\/mmyts.wordpresskodulehed.ee\/en\/wp-json\/wp\/v2\/product"}],"about":[{"href":"https:\/\/mmyts.wordpresskodulehed.ee\/en\/wp-json\/wp\/v2\/types\/product"}],"wp:featuredmedia":[{"embeddable":true,"href":"https:\/\/mmyts.wordpresskodulehed.ee\/en\/wp-json\/wp\/v2\/media\/12543"}],"wp:attachment":[{"href":"https:\/\/mmyts.wordpresskodulehed.ee\/en\/wp-json\/wp\/v2\/media?parent=26407"}],"wp:term":[{"taxonomy":"product_brand","embeddable":true,"href":"https:\/\/mmyts.wordpresskodulehed.ee\/en\/wp-json\/wp\/v2\/product_brand?post=26407"},{"taxonomy":"product_cat","embeddable":true,"href":"https:\/\/mmyts.wordpresskodulehed.ee\/en\/wp-json\/wp\/v2\/product_cat?post=26407"},{"taxonomy":"product_tag","embeddable":true,"href":"https:\/\/mmyts.wordpresskodulehed.ee\/en\/wp-json\/wp\/v2\/product_tag?post=26407"}],"curies":[{"name":"wp","href":"https:\/\/api.w.org\/{rel}","templated":true}]}}