{"id":26462,"date":"2026-05-05T17:26:49","date_gmt":"2026-05-05T17:26:49","guid":{"rendered":"https:\/\/mmyts.wordpresskodulehed.ee\/toode\/classic-bowler-hat\/"},"modified":"2026-05-07T15:51:41","modified_gmt":"2026-05-07T12:51:41","slug":"classic-bowler-hat","status":"publish","type":"product","link":"https:\/\/mmyts.wordpresskodulehed.ee\/en\/toode\/classic-bowler-hat\/","title":{"rendered":"classic bowler hat"},"content":{"rendered":"<p><span style=\"margin: 0px;padding: 0px;font-family: Arial, sans-serif\">\u2022&nbsp;<\/span><span style=\"font-family: Arial, sans-serif\">Made From 100% Premium Wool&nbsp;&nbsp;<\/span><br style=\"margin: 0px;padding: 0px\" \/><br \/>\n<span style=\"margin: 0px;padding: 0px;font-family: Arial, sans-serif\">\u2022&nbsp;<\/span><span style=\"font-family: Arial, sans-serif\">Unmatched Hand Made Quality&nbsp;&nbsp;<\/span><br style=\"margin: 0px;padding: 0px\" \/><br \/>\n<span style=\"margin: 0px;padding: 0px;font-family: Arial, sans-serif\">\u2022&nbsp;<\/span><span style=\"font-family: Arial, sans-serif\">Satin Lining &amp; Ribbon Band&nbsp;&nbsp;<\/span><br style=\"margin: 0px;padding: 0px\" \/><br \/>\n<span style=\"margin: 0px;padding: 0px;font-family: Arial, sans-serif\">\u2022&nbsp;<\/span><span style=\"font-family: Arial, sans-serif\">Comfortable To Wear And Easy To Clean&nbsp;&nbsp;<\/span><br style=\"margin: 0px;padding: 0px\" \/><br \/>\n<span style=\"margin: 0px;padding: 0px;font-family: Arial, sans-serif\">\u2022&nbsp;<\/span><span style=\"font-family: Arial, sans-serif\">Height: 11.0cm<\/span><\/p>\n<table border=\"1\" cellpadding=\"1\" cellspacing=\"1\" style=\"width: 200px\">\n<tbody>\n<tr>\n<td>Size<\/td>\n<td>cm<\/td>\n<\/tr>\n<tr>\n<td>S<\/td>\n<td>56<\/td>\n<\/tr>\n<tr>\n<td>M<\/td>\n<td>57-58<\/td>\n<\/tr>\n<tr>\n<td>L<\/td>\n<td>59<\/td>\n<\/tr>\n<tr>\n<td>XL<\/td>\n<td>60<\/td>\n<\/tr>\n<tr>\n<td>XXL<\/td>\n<td>61<\/td>\n<\/tr>\n<\/tbody>\n<\/table>\n<p>&nbsp;<\/p>\n","protected":false},"excerpt":{"rendered":"<p>classic top hat, klassikaline toruk\u00fcbar, k\u00fcbar, h\u00e4rraste k\u00fcbar, kaabu, top hat , klassikaline m\u00fcts, classic hat, k\u00f5vak\u00fcbar, old fashioned hat, coachman hat, horse driver hat, kutsari m\u00fcts<\/p>\n","protected":false},"featured_media":12569,"template":"","meta":{"_gspb_post_css":""},"product_brand":[],"product_cat":[35],"product_tag":[],"class_list":{"0":"post-26462","1":"product","2":"type-product","3":"status-publish","4":"has-post-thumbnail","6":"product_cat-kovakubarad","7":"pa_varv-must","8":"pa_varv-pruun","10":"first","11":"instock","12":"shipping-taxable","13":"purchasable","14":"product-type-variable"},"_links":{"self":[{"href":"https:\/\/mmyts.wordpresskodulehed.ee\/en\/wp-json\/wp\/v2\/product\/26462","targetHints":{"allow":["GET"]}}],"collection":[{"href":"https:\/\/mmyts.wordpresskodulehed.ee\/en\/wp-json\/wp\/v2\/product"}],"about":[{"href":"https:\/\/mmyts.wordpresskodulehed.ee\/en\/wp-json\/wp\/v2\/types\/product"}],"wp:featuredmedia":[{"embeddable":true,"href":"https:\/\/mmyts.wordpresskodulehed.ee\/en\/wp-json\/wp\/v2\/media\/12569"}],"wp:attachment":[{"href":"https:\/\/mmyts.wordpresskodulehed.ee\/en\/wp-json\/wp\/v2\/media?parent=26462"}],"wp:term":[{"taxonomy":"product_brand","embeddable":true,"href":"https:\/\/mmyts.wordpresskodulehed.ee\/en\/wp-json\/wp\/v2\/product_brand?post=26462"},{"taxonomy":"product_cat","embeddable":true,"href":"https:\/\/mmyts.wordpresskodulehed.ee\/en\/wp-json\/wp\/v2\/product_cat?post=26462"},{"taxonomy":"product_tag","embeddable":true,"href":"https:\/\/mmyts.wordpresskodulehed.ee\/en\/wp-json\/wp\/v2\/product_tag?post=26462"}],"curies":[{"name":"wp","href":"https:\/\/api.w.org\/{rel}","templated":true}]}}