{"id":26539,"date":"2026-05-05T17:26:57","date_gmt":"2026-05-05T17:26:57","guid":{"rendered":"https:\/\/mmyts.wordpresskodulehed.ee\/toode\/summer-bowler-hat-size-adjustable\/"},"modified":"2026-05-05T17:26:57","modified_gmt":"2026-05-05T17:26:57","slug":"summer-bowler-hat-size-adjustable","status":"publish","type":"product","link":"https:\/\/mmyts.wordpresskodulehed.ee\/en\/toode\/summer-bowler-hat-size-adjustable\/","title":{"rendered":"Summer bowler hat , size adjustable"},"content":{"rendered":"<p>Stylish summer bowler hat.<\/p>\n<p>Size adjustable.<\/p>\n","protected":false},"excerpt":{"rendered":"<p>suvine k\u00f5vak\u00fcbar, summer hat,suvekaabu, kaabu, summer hat, hat, m\u00fcts, p\u00e4ikesevari, naiste kaabu, \u00f5lgkaabu, naiste kaabu, suvine m\u00fcts, kaabu, peakate, m\u00fcts.<\/p>\n","protected":false},"featured_media":12601,"template":"","meta":{"_gspb_post_css":""},"product_brand":[],"product_cat":[238],"product_tag":[],"class_list":{"0":"post-26539","1":"product","2":"type-product","3":"status-publish","4":"has-post-thumbnail","6":"product_cat-bowler-hats","8":"first","9":"instock","10":"shipping-taxable","11":"purchasable","12":"product-type-simple"},"_links":{"self":[{"href":"https:\/\/mmyts.wordpresskodulehed.ee\/en\/wp-json\/wp\/v2\/product\/26539","targetHints":{"allow":["GET"]}}],"collection":[{"href":"https:\/\/mmyts.wordpresskodulehed.ee\/en\/wp-json\/wp\/v2\/product"}],"about":[{"href":"https:\/\/mmyts.wordpresskodulehed.ee\/en\/wp-json\/wp\/v2\/types\/product"}],"wp:featuredmedia":[{"embeddable":true,"href":"https:\/\/mmyts.wordpresskodulehed.ee\/en\/wp-json\/wp\/v2\/media\/12601"}],"wp:attachment":[{"href":"https:\/\/mmyts.wordpresskodulehed.ee\/en\/wp-json\/wp\/v2\/media?parent=26539"}],"wp:term":[{"taxonomy":"product_brand","embeddable":true,"href":"https:\/\/mmyts.wordpresskodulehed.ee\/en\/wp-json\/wp\/v2\/product_brand?post=26539"},{"taxonomy":"product_cat","embeddable":true,"href":"https:\/\/mmyts.wordpresskodulehed.ee\/en\/wp-json\/wp\/v2\/product_cat?post=26539"},{"taxonomy":"product_tag","embeddable":true,"href":"https:\/\/mmyts.wordpresskodulehed.ee\/en\/wp-json\/wp\/v2\/product_tag?post=26539"}],"curies":[{"name":"wp","href":"https:\/\/api.w.org\/{rel}","templated":true}]}}