{"id":26619,"date":"2026-05-05T15:31:54","date_gmt":"2026-05-05T12:31:54","guid":{"rendered":"https:\/\/mmyts.wordpresskodulehed.ee\/toode\/faux-fur-beanie-hat\/"},"modified":"2026-05-07T16:28:02","modified_gmt":"2026-05-07T13:28:02","slug":"faux-fur-beanie-hat-2","status":"publish","type":"product","link":"https:\/\/mmyts.wordpresskodulehed.ee\/en\/toode\/faux-fur-beanie-hat-2\/","title":{"rendered":"Faux fur beanie hat"},"content":{"rendered":"<p>Faux fur winter hat<\/p>\n<p>One size<\/p>\n","protected":false},"excerpt":{"rendered":"<p>talvem\u00fcts, talvem\u00fctsid, soe talvem\u00fcts,<br \/>\nsoe m\u00fcts, m\u00fcts , tutim\u00fcts, tutim\u00fctsid, karusnahk, karusnahast, faux ful hat, winter hat , naiste m\u00fcts, talvem\u00fcts, mmyts, m\u00fcts, peakate, peakatted, winter<\/p>\n","protected":false},"featured_media":12693,"template":"","meta":{"_gspb_post_css":""},"product_brand":[],"product_cat":[38,33,25],"product_tag":[],"class_list":{"0":"post-26619","1":"product","2":"type-product","3":"status-publish","4":"has-post-thumbnail","6":"product_cat-karusnahksed-mutsid","7":"product_cat-mutsid-taiskasvanutele","8":"product_cat-talvemutsid","9":"pa_varv-beez","10":"pa_varv-must","11":"pa_varv-pruun","13":"first","14":"instock","15":"shipping-taxable","16":"product-type-variable"},"_links":{"self":[{"href":"https:\/\/mmyts.wordpresskodulehed.ee\/en\/wp-json\/wp\/v2\/product\/26619","targetHints":{"allow":["GET"]}}],"collection":[{"href":"https:\/\/mmyts.wordpresskodulehed.ee\/en\/wp-json\/wp\/v2\/product"}],"about":[{"href":"https:\/\/mmyts.wordpresskodulehed.ee\/en\/wp-json\/wp\/v2\/types\/product"}],"wp:featuredmedia":[{"embeddable":true,"href":"https:\/\/mmyts.wordpresskodulehed.ee\/en\/wp-json\/wp\/v2\/media\/12693"}],"wp:attachment":[{"href":"https:\/\/mmyts.wordpresskodulehed.ee\/en\/wp-json\/wp\/v2\/media?parent=26619"}],"wp:term":[{"taxonomy":"product_brand","embeddable":true,"href":"https:\/\/mmyts.wordpresskodulehed.ee\/en\/wp-json\/wp\/v2\/product_brand?post=26619"},{"taxonomy":"product_cat","embeddable":true,"href":"https:\/\/mmyts.wordpresskodulehed.ee\/en\/wp-json\/wp\/v2\/product_cat?post=26619"},{"taxonomy":"product_tag","embeddable":true,"href":"https:\/\/mmyts.wordpresskodulehed.ee\/en\/wp-json\/wp\/v2\/product_tag?post=26619"}],"curies":[{"name":"wp","href":"https:\/\/api.w.org\/{rel}","templated":true}]}}