{"id":26691,"date":"2026-05-05T17:27:38","date_gmt":"2026-05-05T17:27:38","guid":{"rendered":"https:\/\/mmyts.wordpresskodulehed.ee\/toode\/classic-wool-beret\/"},"modified":"2026-05-05T17:27:38","modified_gmt":"2026-05-05T17:27:38","slug":"classic-wool-beret","status":"publish","type":"product","link":"https:\/\/mmyts.wordpresskodulehed.ee\/en\/toode\/classic-wool-beret\/","title":{"rendered":"Classic wool beret"},"content":{"rendered":"<p>Calssic wool beret<\/p>\n","protected":false},"excerpt":{"rendered":"<p>barett, m\u00fcts, hat, beret, m\u00fctsid , naiste m\u00fctsid , peakatted, s\u00fcgise m\u00fcts, peakate, meeste m\u00fctsid, hats<\/p>\n","protected":false},"featured_media":12762,"template":"","meta":{"_gspb_post_css":""},"product_brand":[],"product_cat":[32],"product_tag":[],"class_list":{"0":"post-26691","1":"product","2":"type-product","3":"status-publish","4":"has-post-thumbnail","6":"product_cat-baretid","7":"pa_varv-erksinine","8":"pa_varv-helehall","9":"pa_varv-helepruun","10":"pa_varv-must","11":"pa_varv-punane","12":"pa_varv-sinine","13":"pa_varv-tumepunane","14":"pa_varv-tumeroheline","16":"first","17":"instock","18":"shipping-taxable","19":"product-type-variable"},"_links":{"self":[{"href":"https:\/\/mmyts.wordpresskodulehed.ee\/en\/wp-json\/wp\/v2\/product\/26691","targetHints":{"allow":["GET"]}}],"collection":[{"href":"https:\/\/mmyts.wordpresskodulehed.ee\/en\/wp-json\/wp\/v2\/product"}],"about":[{"href":"https:\/\/mmyts.wordpresskodulehed.ee\/en\/wp-json\/wp\/v2\/types\/product"}],"wp:featuredmedia":[{"embeddable":true,"href":"https:\/\/mmyts.wordpresskodulehed.ee\/en\/wp-json\/wp\/v2\/media\/12762"}],"wp:attachment":[{"href":"https:\/\/mmyts.wordpresskodulehed.ee\/en\/wp-json\/wp\/v2\/media?parent=26691"}],"wp:term":[{"taxonomy":"product_brand","embeddable":true,"href":"https:\/\/mmyts.wordpresskodulehed.ee\/en\/wp-json\/wp\/v2\/product_brand?post=26691"},{"taxonomy":"product_cat","embeddable":true,"href":"https:\/\/mmyts.wordpresskodulehed.ee\/en\/wp-json\/wp\/v2\/product_cat?post=26691"},{"taxonomy":"product_tag","embeddable":true,"href":"https:\/\/mmyts.wordpresskodulehed.ee\/en\/wp-json\/wp\/v2\/product_tag?post=26691"}],"curies":[{"name":"wp","href":"https:\/\/api.w.org\/{rel}","templated":true}]}}