{"id":26855,"date":"2026-05-05T15:33:00","date_gmt":"2026-05-05T12:33:00","guid":{"rendered":"https:\/\/mmyts.wordpresskodulehed.ee\/toode\/womens-hat-2\/"},"modified":"2026-05-07T16:28:21","modified_gmt":"2026-05-07T13:28:21","slug":"womens-hat-2-9","status":"publish","type":"product","link":"https:\/\/mmyts.wordpresskodulehed.ee\/en\/toode\/womens-hat-2-9\/","title":{"rendered":"Womens hat"},"content":{"rendered":"<p>A Womens Newsboy Cap which is perfect for casual daily wear. The quality of this Newsboy Hat really does this traditional style wonders. The overall design is just what is expected from the perfect hat. Being comfortable and feeling great, it&#8217;s a great addition to any hat collection<br \/>\n\u2022 Traditional Design<br \/>\n\u2022 Premium Quality Material<br \/>\n\u2022 Stylish and Practical<br \/>\n\u2022 Comfortable To Wear And Easy To Clean<\/p>\n<p>Color: Navy blue<\/p>\n","protected":false},"excerpt":{"rendered":"<p>barett, m\u00fcts, peakate, m\u00fctsid, talvem\u00fctsid, beret, berets, naiste m\u00fcts, talvem\u00fcts, winter hat, hats, peakatted, kaabud, caps, nokam\u00fcts, nokats, k\u00fcbar, naistem\u00fcts, womens hat, woman, autumn hat, summer hat, s\u00fcgise m\u00fcts, sonim\u00fcts, flat cap<\/p>\n","protected":false},"featured_media":12941,"template":"","meta":{"_gspb_post_css":""},"product_brand":[],"product_cat":[41],"product_tag":[],"class_list":{"0":"post-26855","1":"product","2":"type-product","3":"status-publish","4":"has-post-thumbnail","6":"product_cat-nokaga-mutsid-naistele","7":"pa_varv-pruun","8":"pa_varv-tumesinine","10":"first","11":"instock","12":"shipping-taxable","13":"product-type-variable"},"_links":{"self":[{"href":"https:\/\/mmyts.wordpresskodulehed.ee\/en\/wp-json\/wp\/v2\/product\/26855","targetHints":{"allow":["GET"]}}],"collection":[{"href":"https:\/\/mmyts.wordpresskodulehed.ee\/en\/wp-json\/wp\/v2\/product"}],"about":[{"href":"https:\/\/mmyts.wordpresskodulehed.ee\/en\/wp-json\/wp\/v2\/types\/product"}],"wp:featuredmedia":[{"embeddable":true,"href":"https:\/\/mmyts.wordpresskodulehed.ee\/en\/wp-json\/wp\/v2\/media\/12941"}],"wp:attachment":[{"href":"https:\/\/mmyts.wordpresskodulehed.ee\/en\/wp-json\/wp\/v2\/media?parent=26855"}],"wp:term":[{"taxonomy":"product_brand","embeddable":true,"href":"https:\/\/mmyts.wordpresskodulehed.ee\/en\/wp-json\/wp\/v2\/product_brand?post=26855"},{"taxonomy":"product_cat","embeddable":true,"href":"https:\/\/mmyts.wordpresskodulehed.ee\/en\/wp-json\/wp\/v2\/product_cat?post=26855"},{"taxonomy":"product_tag","embeddable":true,"href":"https:\/\/mmyts.wordpresskodulehed.ee\/en\/wp-json\/wp\/v2\/product_tag?post=26855"}],"curies":[{"name":"wp","href":"https:\/\/api.w.org\/{rel}","templated":true}]}}