{"id":28413,"date":"2026-05-05T15:37:38","date_gmt":"2026-05-05T12:37:38","guid":{"rendered":"https:\/\/mmyts.wordpresskodulehed.ee\/toode\/baseball-hat\/"},"modified":"2026-05-07T16:53:47","modified_gmt":"2026-05-07T13:53:47","slug":"baseball-hat-2","status":"publish","type":"product","link":"https:\/\/mmyts.wordpresskodulehed.ee\/en\/toode\/baseball-hat-2\/","title":{"rendered":"Baseball hat"},"content":{"rendered":"<p>Stylish&nbsp;baseball hat for both men and women, 6 panel cap with embroidered air holes and peak<br \/>\nAdjustable size by brass buckle.<br \/>\nMade from high quality cotton fabric.<\/p>\n<p>Color : royal blue<\/p>\n","protected":false},"excerpt":{"rendered":"<p>nokam\u00fcts, pesapallim\u00fcts, cap, baseball hat, summer hat, hat peakate, nokats, suvem\u00fcts, laste m\u00fcts, naiste m\u00fcts, nokaga m\u00fcts, sun hat, summer, rullnoka m\u00fcts, meeste m\u00fcts, suvi, summer<\/p>\n","protected":false},"featured_media":14418,"template":"","meta":{"_gspb_post_css":""},"product_brand":[],"product_cat":[27,64],"product_tag":[],"class_list":{"0":"post-28413","1":"product","2":"type-product","3":"status-publish","4":"has-post-thumbnail","6":"product_cat-nokamutsid","7":"product_cat-sojavae-stiilis-riietus","8":"pa_varv-beez","9":"pa_varv-must","10":"pa_varv-sinine","11":"pa_varv-tumehall","12":"pa_varv-tumesinine","14":"first","15":"instock","16":"shipping-taxable","17":"purchasable","18":"product-type-variable"},"_links":{"self":[{"href":"https:\/\/mmyts.wordpresskodulehed.ee\/en\/wp-json\/wp\/v2\/product\/28413","targetHints":{"allow":["GET"]}}],"collection":[{"href":"https:\/\/mmyts.wordpresskodulehed.ee\/en\/wp-json\/wp\/v2\/product"}],"about":[{"href":"https:\/\/mmyts.wordpresskodulehed.ee\/en\/wp-json\/wp\/v2\/types\/product"}],"wp:featuredmedia":[{"embeddable":true,"href":"https:\/\/mmyts.wordpresskodulehed.ee\/en\/wp-json\/wp\/v2\/media\/14418"}],"wp:attachment":[{"href":"https:\/\/mmyts.wordpresskodulehed.ee\/en\/wp-json\/wp\/v2\/media?parent=28413"}],"wp:term":[{"taxonomy":"product_brand","embeddable":true,"href":"https:\/\/mmyts.wordpresskodulehed.ee\/en\/wp-json\/wp\/v2\/product_brand?post=28413"},{"taxonomy":"product_cat","embeddable":true,"href":"https:\/\/mmyts.wordpresskodulehed.ee\/en\/wp-json\/wp\/v2\/product_cat?post=28413"},{"taxonomy":"product_tag","embeddable":true,"href":"https:\/\/mmyts.wordpresskodulehed.ee\/en\/wp-json\/wp\/v2\/product_tag?post=28413"}],"curies":[{"name":"wp","href":"https:\/\/api.w.org\/{rel}","templated":true}]}}