{"id":28868,"date":"2026-05-05T15:38:54","date_gmt":"2026-05-05T12:38:54","guid":{"rendered":"https:\/\/mmyts.wordpresskodulehed.ee\/toode\/beanie-58\/"},"modified":"2026-05-07T16:28:48","modified_gmt":"2026-05-07T13:28:48","slug":"beanie-58-2","status":"publish","type":"product","link":"https:\/\/mmyts.wordpresskodulehed.ee\/en\/toode\/beanie-58-2\/","title":{"rendered":"Beanie"},"content":{"rendered":"<p>Thin and lightweight cotton blend material beanie. One size, suitable for head circumference of 50-56 cm.<br \/>\nColor: brown<\/p>\n","protected":false},"excerpt":{"rendered":"<p>talvem\u00fcts, talvem\u00fctsid, soe talvem\u00fcts,<br \/>\nsoe m\u00fcts, m\u00fcts , tutim\u00fcts, tutim\u00fctsid, eesti disain, surfim\u00fcts, k\u00e4sit\u00f6\u00f6, heegeldatud m\u00fcts, kootud m\u00fcts, eesti, eesti k\u00e4sit\u00f6\u00f6, k\u00e4sit\u00f6\u00f6 m\u00fcts, unikaalne<\/p>\n","protected":false},"featured_media":14885,"template":"","meta":{"_gspb_post_css":""},"product_brand":[],"product_cat":[31],"product_tag":[],"class_list":{"0":"post-28868","1":"product","2":"type-product","3":"status-publish","4":"has-post-thumbnail","6":"product_cat-beanied","7":"pa_varv-must","8":"pa_varv-pruun","9":"pa_varv-sinine","11":"first","12":"instock","13":"shipping-taxable","14":"product-type-variable"},"_links":{"self":[{"href":"https:\/\/mmyts.wordpresskodulehed.ee\/en\/wp-json\/wp\/v2\/product\/28868","targetHints":{"allow":["GET"]}}],"collection":[{"href":"https:\/\/mmyts.wordpresskodulehed.ee\/en\/wp-json\/wp\/v2\/product"}],"about":[{"href":"https:\/\/mmyts.wordpresskodulehed.ee\/en\/wp-json\/wp\/v2\/types\/product"}],"wp:featuredmedia":[{"embeddable":true,"href":"https:\/\/mmyts.wordpresskodulehed.ee\/en\/wp-json\/wp\/v2\/media\/14885"}],"wp:attachment":[{"href":"https:\/\/mmyts.wordpresskodulehed.ee\/en\/wp-json\/wp\/v2\/media?parent=28868"}],"wp:term":[{"taxonomy":"product_brand","embeddable":true,"href":"https:\/\/mmyts.wordpresskodulehed.ee\/en\/wp-json\/wp\/v2\/product_brand?post=28868"},{"taxonomy":"product_cat","embeddable":true,"href":"https:\/\/mmyts.wordpresskodulehed.ee\/en\/wp-json\/wp\/v2\/product_cat?post=28868"},{"taxonomy":"product_tag","embeddable":true,"href":"https:\/\/mmyts.wordpresskodulehed.ee\/en\/wp-json\/wp\/v2\/product_tag?post=28868"}],"curies":[{"name":"wp","href":"https:\/\/api.w.org\/{rel}","templated":true}]}}