{"id":28947,"date":"2026-05-05T15:39:16","date_gmt":"2026-05-05T12:39:16","guid":{"rendered":"https:\/\/mmyts.wordpresskodulehed.ee\/toode\/warm-thin-beanie-hat\/"},"modified":"2026-05-07T16:58:37","modified_gmt":"2026-05-07T13:58:37","slug":"warm-thin-beanie-hat-2","status":"publish","type":"product","link":"https:\/\/mmyts.wordpresskodulehed.ee\/en\/toode\/warm-thin-beanie-hat-2\/","title":{"rendered":"Warm thin beanie hat"},"content":{"rendered":"<p>Warm Thin Slouch Beanie Hat<\/p>\n<p>One size &#8211; fits for everyone<\/p>\n<p>Colour: green<\/p>\n","protected":false},"excerpt":{"rendered":"<p>talvem\u00fcts, talvem\u00fctsid, soe talvem\u00fcts,<br \/>\nsoe m\u00fcts, m\u00fcts,  mmyts, winter hat, hat, peakate, peakatted, soojad m\u00fctsid, meeste m\u00fctsid, naiste m\u00fctsid, laste m\u00fctsid, kaabud, talveriided, kindad, sonid, k\u00fcbarad, beanied, tutim\u00fcts, tutim\u00fctsid, pompom hat, beanie,<\/p>\n","protected":false},"featured_media":14959,"template":"","meta":{"_gspb_post_css":""},"product_brand":[],"product_cat":[31,18],"product_tag":[],"class_list":{"0":"post-28947","1":"product","2":"type-product","3":"status-publish","4":"has-post-thumbnail","6":"product_cat-beanied","7":"product_cat-mutsid-lastele","8":"pa_varv-helehall","9":"pa_varv-roheline","10":"pa_varv-tumehall","12":"first","13":"instock","14":"shipping-taxable","15":"product-type-variable"},"_links":{"self":[{"href":"https:\/\/mmyts.wordpresskodulehed.ee\/en\/wp-json\/wp\/v2\/product\/28947","targetHints":{"allow":["GET"]}}],"collection":[{"href":"https:\/\/mmyts.wordpresskodulehed.ee\/en\/wp-json\/wp\/v2\/product"}],"about":[{"href":"https:\/\/mmyts.wordpresskodulehed.ee\/en\/wp-json\/wp\/v2\/types\/product"}],"wp:featuredmedia":[{"embeddable":true,"href":"https:\/\/mmyts.wordpresskodulehed.ee\/en\/wp-json\/wp\/v2\/media\/14959"}],"wp:attachment":[{"href":"https:\/\/mmyts.wordpresskodulehed.ee\/en\/wp-json\/wp\/v2\/media?parent=28947"}],"wp:term":[{"taxonomy":"product_brand","embeddable":true,"href":"https:\/\/mmyts.wordpresskodulehed.ee\/en\/wp-json\/wp\/v2\/product_brand?post=28947"},{"taxonomy":"product_cat","embeddable":true,"href":"https:\/\/mmyts.wordpresskodulehed.ee\/en\/wp-json\/wp\/v2\/product_cat?post=28947"},{"taxonomy":"product_tag","embeddable":true,"href":"https:\/\/mmyts.wordpresskodulehed.ee\/en\/wp-json\/wp\/v2\/product_tag?post=28947"}],"curies":[{"name":"wp","href":"https:\/\/api.w.org\/{rel}","templated":true}]}}