{"id":28999,"date":"2026-05-05T15:39:28","date_gmt":"2026-05-05T12:39:28","guid":{"rendered":"https:\/\/mmyts.wordpresskodulehed.ee\/toode\/summer-hat\/"},"modified":"2026-05-07T16:28:26","modified_gmt":"2026-05-07T13:28:26","slug":"summer-hat-3","status":"publish","type":"product","link":"https:\/\/mmyts.wordpresskodulehed.ee\/en\/toode\/summer-hat-3\/","title":{"rendered":"Summer hat"},"content":{"rendered":"<p>Womens Striped Wide Brim Summer Straw Hat, one size<\/p>\n<p>Color: white\/red<\/p>\n","protected":false},"excerpt":{"rendered":"<p>Suvek\u00fcbar, suvine k\u00fcbar, naiste k\u00fcbar, laia \u00e4\u00e4rega k\u00fcbar, \u00f5lgk\u00fcbar, summer hat, womens hat, hat, wide brim hat<\/p>\n","protected":false},"featured_media":15019,"template":"","meta":{"_gspb_post_css":""},"product_brand":[],"product_cat":[24],"product_tag":[],"class_list":{"0":"post-28999","1":"product","2":"type-product","3":"status-publish","4":"has-post-thumbnail","6":"product_cat-kubarad","7":"pa_varv-punane","8":"pa_varv-sinine","10":"first","11":"instock","12":"shipping-taxable","13":"product-type-variable"},"_links":{"self":[{"href":"https:\/\/mmyts.wordpresskodulehed.ee\/en\/wp-json\/wp\/v2\/product\/28999","targetHints":{"allow":["GET"]}}],"collection":[{"href":"https:\/\/mmyts.wordpresskodulehed.ee\/en\/wp-json\/wp\/v2\/product"}],"about":[{"href":"https:\/\/mmyts.wordpresskodulehed.ee\/en\/wp-json\/wp\/v2\/types\/product"}],"wp:featuredmedia":[{"embeddable":true,"href":"https:\/\/mmyts.wordpresskodulehed.ee\/en\/wp-json\/wp\/v2\/media\/15019"}],"wp:attachment":[{"href":"https:\/\/mmyts.wordpresskodulehed.ee\/en\/wp-json\/wp\/v2\/media?parent=28999"}],"wp:term":[{"taxonomy":"product_brand","embeddable":true,"href":"https:\/\/mmyts.wordpresskodulehed.ee\/en\/wp-json\/wp\/v2\/product_brand?post=28999"},{"taxonomy":"product_cat","embeddable":true,"href":"https:\/\/mmyts.wordpresskodulehed.ee\/en\/wp-json\/wp\/v2\/product_cat?post=28999"},{"taxonomy":"product_tag","embeddable":true,"href":"https:\/\/mmyts.wordpresskodulehed.ee\/en\/wp-json\/wp\/v2\/product_tag?post=28999"}],"curies":[{"name":"wp","href":"https:\/\/api.w.org\/{rel}","templated":true}]}}