{"id":29024,"date":"2026-05-05T17:35:06","date_gmt":"2026-05-05T17:35:06","guid":{"rendered":"https:\/\/mmyts.wordpresskodulehed.ee\/toode\/captain-hat\/"},"modified":"2026-05-05T17:35:06","modified_gmt":"2026-05-05T17:35:06","slug":"captain-hat","status":"publish","type":"product","link":"https:\/\/mmyts.wordpresskodulehed.ee\/en\/toode\/captain-hat\/","title":{"rendered":"Captain hat"},"content":{"rendered":"<p>100 % wool material captain hat<\/p>\n<p>Sizes:<\/p>\n<p>S &#8211; 56 cm<\/p>\n<p>M &#8211; 57-58cm<\/p>\n<p>L &#8211; 59cm<\/p>\n<p>XL &#8211; 60 cm<\/p>\n","protected":false},"excerpt":{"rendered":"<p>m\u00fcts, peakate, peakatted, kaptenim\u00fcts, captain hat, mmyts, kaabu, nokam\u00fcts, naiste m\u00fcts, meeste m\u00fcts<\/p>\n","protected":false},"featured_media":15050,"template":"","meta":{"_gspb_post_css":""},"product_brand":[],"product_cat":[252,232,251],"product_tag":[],"class_list":{"0":"post-29024","1":"product","2":"type-product","3":"status-publish","4":"has-post-thumbnail","6":"product_cat-baseball-caps","7":"product_cat-captain-hats","8":"product_cat-womens-caps","10":"first","11":"instock","12":"shipping-taxable","13":"purchasable","14":"product-type-variable"},"_links":{"self":[{"href":"https:\/\/mmyts.wordpresskodulehed.ee\/en\/wp-json\/wp\/v2\/product\/29024","targetHints":{"allow":["GET"]}}],"collection":[{"href":"https:\/\/mmyts.wordpresskodulehed.ee\/en\/wp-json\/wp\/v2\/product"}],"about":[{"href":"https:\/\/mmyts.wordpresskodulehed.ee\/en\/wp-json\/wp\/v2\/types\/product"}],"wp:featuredmedia":[{"embeddable":true,"href":"https:\/\/mmyts.wordpresskodulehed.ee\/en\/wp-json\/wp\/v2\/media\/15050"}],"wp:attachment":[{"href":"https:\/\/mmyts.wordpresskodulehed.ee\/en\/wp-json\/wp\/v2\/media?parent=29024"}],"wp:term":[{"taxonomy":"product_brand","embeddable":true,"href":"https:\/\/mmyts.wordpresskodulehed.ee\/en\/wp-json\/wp\/v2\/product_brand?post=29024"},{"taxonomy":"product_cat","embeddable":true,"href":"https:\/\/mmyts.wordpresskodulehed.ee\/en\/wp-json\/wp\/v2\/product_cat?post=29024"},{"taxonomy":"product_tag","embeddable":true,"href":"https:\/\/mmyts.wordpresskodulehed.ee\/en\/wp-json\/wp\/v2\/product_tag?post=29024"}],"curies":[{"name":"wp","href":"https:\/\/api.w.org\/{rel}","templated":true}]}}