{"id":29059,"date":"2026-05-05T15:39:48","date_gmt":"2026-05-05T12:39:48","guid":{"rendered":"https:\/\/mmyts.wordpresskodulehed.ee\/toode\/stylish-hat-for-women\/"},"modified":"2026-05-07T16:28:56","modified_gmt":"2026-05-07T13:28:56","slug":"stylish-hat-for-women-4","status":"publish","type":"product","link":"https:\/\/mmyts.wordpresskodulehed.ee\/en\/toode\/stylish-hat-for-women-4\/","title":{"rendered":"Stylish hat for women"},"content":{"rendered":"<p>Womens Wool Felt Vintage Cloche Hat.<\/p>\n<p>Adjustable Size<\/p>\n<p>Colour: black<\/p>\n","protected":false},"excerpt":{"rendered":"<p>k\u00fcbar, cloche hat, naiste k\u00fcbar, peakate, peakatted, m\u00fcts, m\u00fctsid, k\u00fcbarad, kevadem\u00fcts, kevad, vildist k\u00fcbar, stylish hat<\/p>\n","protected":false},"featured_media":15089,"template":"","meta":{"_gspb_post_css":""},"product_brand":[],"product_cat":[21,24],"product_tag":[],"class_list":{"0":"post-29059","1":"product","2":"type-product","3":"status-publish","4":"has-post-thumbnail","6":"product_cat-kaabud","7":"product_cat-kubarad","8":"pa_varv-burgundia","9":"pa_varv-must","11":"first","12":"instock","13":"shipping-taxable","14":"product-type-variable"},"_links":{"self":[{"href":"https:\/\/mmyts.wordpresskodulehed.ee\/en\/wp-json\/wp\/v2\/product\/29059","targetHints":{"allow":["GET"]}}],"collection":[{"href":"https:\/\/mmyts.wordpresskodulehed.ee\/en\/wp-json\/wp\/v2\/product"}],"about":[{"href":"https:\/\/mmyts.wordpresskodulehed.ee\/en\/wp-json\/wp\/v2\/types\/product"}],"wp:featuredmedia":[{"embeddable":true,"href":"https:\/\/mmyts.wordpresskodulehed.ee\/en\/wp-json\/wp\/v2\/media\/15089"}],"wp:attachment":[{"href":"https:\/\/mmyts.wordpresskodulehed.ee\/en\/wp-json\/wp\/v2\/media?parent=29059"}],"wp:term":[{"taxonomy":"product_brand","embeddable":true,"href":"https:\/\/mmyts.wordpresskodulehed.ee\/en\/wp-json\/wp\/v2\/product_brand?post=29059"},{"taxonomy":"product_cat","embeddable":true,"href":"https:\/\/mmyts.wordpresskodulehed.ee\/en\/wp-json\/wp\/v2\/product_cat?post=29059"},{"taxonomy":"product_tag","embeddable":true,"href":"https:\/\/mmyts.wordpresskodulehed.ee\/en\/wp-json\/wp\/v2\/product_tag?post=29059"}],"curies":[{"name":"wp","href":"https:\/\/api.w.org\/{rel}","templated":true}]}}