{"id":29138,"date":"2026-05-05T15:40:06","date_gmt":"2026-05-05T12:40:06","guid":{"rendered":"https:\/\/mmyts.wordpresskodulehed.ee\/toode\/knitted-beanie\/"},"modified":"2026-05-07T16:28:58","modified_gmt":"2026-05-07T13:28:58","slug":"knitted-beanie-2","status":"publish","type":"product","link":"https:\/\/mmyts.wordpresskodulehed.ee\/en\/toode\/knitted-beanie-2\/","title":{"rendered":"Knitted beanie"},"content":{"rendered":"<p>Knitted cotton blend material beanie.<\/p>\n<p>One size, suitable for head circumference of 50-56 cm.<\/p>\n<p>Colour: gray.<\/p>\n<p>Available also in many different colors.<\/p>\n","protected":false},"excerpt":{"rendered":"<p>beanie, m\u00fcts, talvem\u00fcts, suvem\u00fcts, \u00f5huke m\u00fcts, surfim\u00fcts, kootud beanie, kaabu, k\u00fcbar, k\u00f5vak\u00fcbar, cowboy hat, kauboim\u00fcts, kauboikaabu, k\u00f5vak\u00fcbar, talvem\u00fcts, m\u00fcts, suvem\u00fcts,peakatted, hat , summer hat, mens hats, womens hats, k\u00fcbarad, sonid, baretid, talve<\/p>\n","protected":false},"featured_media":15148,"template":"","meta":{"_gspb_post_css":""},"product_brand":[],"product_cat":[31],"product_tag":[],"class_list":{"0":"post-29138","1":"product","2":"type-product","3":"status-publish","4":"has-post-thumbnail","6":"product_cat-beanied","7":"pa_varv-burgundia","8":"pa_varv-hall","9":"pa_varv-helesinine","10":"pa_varv-kollane","11":"pa_varv-laim","12":"pa_varv-lilla","13":"pa_varv-mururoheline","14":"pa_varv-must","15":"pa_varv-oranz","16":"pa_varv-punane","17":"pa_varv-roheline","18":"pa_varv-tumesinine","19":"pa_varv-valge","21":"first","22":"instock","23":"shipping-taxable","24":"product-type-variable"},"_links":{"self":[{"href":"https:\/\/mmyts.wordpresskodulehed.ee\/en\/wp-json\/wp\/v2\/product\/29138","targetHints":{"allow":["GET"]}}],"collection":[{"href":"https:\/\/mmyts.wordpresskodulehed.ee\/en\/wp-json\/wp\/v2\/product"}],"about":[{"href":"https:\/\/mmyts.wordpresskodulehed.ee\/en\/wp-json\/wp\/v2\/types\/product"}],"wp:featuredmedia":[{"embeddable":true,"href":"https:\/\/mmyts.wordpresskodulehed.ee\/en\/wp-json\/wp\/v2\/media\/15148"}],"wp:attachment":[{"href":"https:\/\/mmyts.wordpresskodulehed.ee\/en\/wp-json\/wp\/v2\/media?parent=29138"}],"wp:term":[{"taxonomy":"product_brand","embeddable":true,"href":"https:\/\/mmyts.wordpresskodulehed.ee\/en\/wp-json\/wp\/v2\/product_brand?post=29138"},{"taxonomy":"product_cat","embeddable":true,"href":"https:\/\/mmyts.wordpresskodulehed.ee\/en\/wp-json\/wp\/v2\/product_cat?post=29138"},{"taxonomy":"product_tag","embeddable":true,"href":"https:\/\/mmyts.wordpresskodulehed.ee\/en\/wp-json\/wp\/v2\/product_tag?post=29138"}],"curies":[{"name":"wp","href":"https:\/\/api.w.org\/{rel}","templated":true}]}}