{"id":30317,"date":"2026-05-05T17:37:11","date_gmt":"2026-05-05T17:37:11","guid":{"rendered":"https:\/\/mmyts.wordpresskodulehed.ee\/toode\/seamen-style-t-shirt-for-kids\/"},"modified":"2026-05-05T17:37:11","modified_gmt":"2026-05-05T17:37:11","slug":"seamen-style-t-shirt-for-kids","status":"publish","type":"product","link":"https:\/\/mmyts.wordpresskodulehed.ee\/en\/toode\/seamen-style-t-shirt-for-kids\/","title":{"rendered":"Seamen style T-shirt for kids"},"content":{"rendered":"<ul>\n<li>Quality T-shirt for men, women and children<\/li>\n<li>Quality neckline with added 5 %elastane<\/li>\n<li>Seanmless body<\/li>\n<li>Long lasting material&nbsp; 150g\/m2<\/li>\n<li>100% cotton<\/li>\n<li>Washable at&nbsp;<span style=\"font-size: 13px\">40 \u00b0 C<span style=\"font-size: 13px\"><span style=\"font-size: 13px\">\u200b<span style=\"font-size: 13px\"><span style=\"font-size: 13px\"><span style=\"font-size: 13px\">\u200b<\/span><\/span><\/span><\/span><\/span><\/span><\/li>\n<\/ul>\n<table border=\"1\" cellpadding=\"1\" cellspacing=\"1\" style=\"font-size: 13px;width: 800px\">\n<tbody>\n<tr>\n<td>&nbsp;Size<\/td>\n<td>&nbsp;110cm \/ 4y<\/td>\n<td>&nbsp;122 cm \/ 6y<\/td>\n<td>&nbsp;134 cm \/ 8y<\/td>\n<td>&nbsp;146 cm \/10y<\/td>\n<td>&nbsp;158 cm \/ 12y<\/td>\n<\/tr>\n<tr>\n<td>&nbsp;Length cm<\/td>\n<td>&nbsp;42<\/td>\n<td>&nbsp;46<\/td>\n<td>&nbsp;52<\/td>\n<td>&nbsp;58<\/td>\n<td>&nbsp;64<\/td>\n<\/tr>\n<tr>\n<td>&nbsp;1\/2 chest cm<\/td>\n<td>&nbsp;33<\/td>\n<td>&nbsp;35<\/td>\n<td>&nbsp;38&nbsp;<\/td>\n<td>&nbsp;41<\/td>\n<td>&nbsp;44<\/td>\n<\/tr>\n<tr>\n<td>&nbsp;Sleeve length cm<\/td>\n<td>&nbsp;10<\/td>\n<td>&nbsp;11<\/td>\n<td>&nbsp;13<\/td>\n<td>&nbsp;15<\/td>\n<td>&nbsp;17<\/td>\n<\/tr>\n<\/tbody>\n<\/table>\n","protected":false},"excerpt":{"rendered":"<p>T-s\u00e4rk, T-shirt, quality t-shirt, s\u00e4rk, suves\u00e4rk, suvine s\u00e4rk, summer shirt, kvaliteetne t-s\u00e4rk<\/p>\n","protected":false},"featured_media":15911,"template":"","meta":{"_gspb_post_css":""},"product_brand":[],"product_cat":[267],"product_tag":[],"class_list":{"0":"post-30317","1":"product","2":"type-product","3":"status-publish","4":"has-post-thumbnail","6":"product_cat-shirts-t-shirts","8":"first","9":"instock","10":"shipping-taxable","11":"purchasable","12":"product-type-variable"},"_links":{"self":[{"href":"https:\/\/mmyts.wordpresskodulehed.ee\/en\/wp-json\/wp\/v2\/product\/30317","targetHints":{"allow":["GET"]}}],"collection":[{"href":"https:\/\/mmyts.wordpresskodulehed.ee\/en\/wp-json\/wp\/v2\/product"}],"about":[{"href":"https:\/\/mmyts.wordpresskodulehed.ee\/en\/wp-json\/wp\/v2\/types\/product"}],"wp:featuredmedia":[{"embeddable":true,"href":"https:\/\/mmyts.wordpresskodulehed.ee\/en\/wp-json\/wp\/v2\/media\/15911"}],"wp:attachment":[{"href":"https:\/\/mmyts.wordpresskodulehed.ee\/en\/wp-json\/wp\/v2\/media?parent=30317"}],"wp:term":[{"taxonomy":"product_brand","embeddable":true,"href":"https:\/\/mmyts.wordpresskodulehed.ee\/en\/wp-json\/wp\/v2\/product_brand?post=30317"},{"taxonomy":"product_cat","embeddable":true,"href":"https:\/\/mmyts.wordpresskodulehed.ee\/en\/wp-json\/wp\/v2\/product_cat?post=30317"},{"taxonomy":"product_tag","embeddable":true,"href":"https:\/\/mmyts.wordpresskodulehed.ee\/en\/wp-json\/wp\/v2\/product_tag?post=30317"}],"curies":[{"name":"wp","href":"https:\/\/api.w.org\/{rel}","templated":true}]}}