{"id":30688,"date":"2026-05-05T17:38:12","date_gmt":"2026-05-05T17:38:12","guid":{"rendered":"https:\/\/mmyts.wordpresskodulehed.ee\/toode\/knitted-scarf-for-women\/"},"modified":"2026-05-05T17:38:12","modified_gmt":"2026-05-05T17:38:12","slug":"knitted-scarf-for-women","status":"publish","type":"product","link":"https:\/\/mmyts.wordpresskodulehed.ee\/en\/toode\/knitted-scarf-for-women\/","title":{"rendered":"Knitted scarf for women"},"content":{"rendered":"<p>Warm and cozy knitted scarf for&nbsp;women<\/p>\n<p><span style=\"font-size: 13px\">Material:&nbsp;<\/span><span style=\"font-size: 13px\">54 % akrylic, 28 % cotton, 7 % wool , 7 % viscose and&nbsp;4 % alpaca<\/span><\/p>\n<p>One size &#8211; suitable for everyone<\/p>\n<p>Different colours available<\/p>\n","protected":false},"excerpt":{"rendered":"<p>hats,beanie, cowboy hat, sun hat, childrens hat, m\u00fctsid, mmyts, peakatted, kaabud ,k\u00fcbarad, naiste m\u00fctsid, talvem\u00fcts, tutim\u00fcts, talvem\u00fctsid, panama hat, kauboim\u00fcts, kauboi kaabu, soni kootud m\u00fcts, l\u00e4kil\u00e4ki, torusall, buff , winter hat<\/p>\n","protected":false},"featured_media":16144,"template":"","meta":{"_gspb_post_css":""},"product_brand":[],"product_cat":[286,266,281],"product_tag":[],"class_list":{"0":"post-30688","1":"product","2":"type-product","3":"status-publish","4":"has-post-thumbnail","6":"product_cat-new-collection","7":"product_cat-scarves","8":"product_cat-tube-scarfs-buffs","10":"first","11":"instock","12":"shipping-taxable","13":"purchasable","14":"product-type-simple"},"_links":{"self":[{"href":"https:\/\/mmyts.wordpresskodulehed.ee\/en\/wp-json\/wp\/v2\/product\/30688","targetHints":{"allow":["GET"]}}],"collection":[{"href":"https:\/\/mmyts.wordpresskodulehed.ee\/en\/wp-json\/wp\/v2\/product"}],"about":[{"href":"https:\/\/mmyts.wordpresskodulehed.ee\/en\/wp-json\/wp\/v2\/types\/product"}],"wp:featuredmedia":[{"embeddable":true,"href":"https:\/\/mmyts.wordpresskodulehed.ee\/en\/wp-json\/wp\/v2\/media\/16144"}],"wp:attachment":[{"href":"https:\/\/mmyts.wordpresskodulehed.ee\/en\/wp-json\/wp\/v2\/media?parent=30688"}],"wp:term":[{"taxonomy":"product_brand","embeddable":true,"href":"https:\/\/mmyts.wordpresskodulehed.ee\/en\/wp-json\/wp\/v2\/product_brand?post=30688"},{"taxonomy":"product_cat","embeddable":true,"href":"https:\/\/mmyts.wordpresskodulehed.ee\/en\/wp-json\/wp\/v2\/product_cat?post=30688"},{"taxonomy":"product_tag","embeddable":true,"href":"https:\/\/mmyts.wordpresskodulehed.ee\/en\/wp-json\/wp\/v2\/product_tag?post=30688"}],"curies":[{"name":"wp","href":"https:\/\/api.w.org\/{rel}","templated":true}]}}