{"id":30694,"date":"2026-05-05T17:38:14","date_gmt":"2026-05-05T17:38:14","guid":{"rendered":"https:\/\/mmyts.wordpresskodulehed.ee\/toode\/knitted-headband\/"},"modified":"2026-05-05T17:38:14","modified_gmt":"2026-05-05T17:38:14","slug":"knitted-headband","status":"publish","type":"product","link":"https:\/\/mmyts.wordpresskodulehed.ee\/en\/toode\/knitted-headband\/","title":{"rendered":"Knitted headband"},"content":{"rendered":"<p>Warm and cozy knitted headnband&nbsp; for both men and women<\/p>\n<p>Acrylic material, inside fleece lining.<\/p>\n<p>One size &#8211; suitable for everyone<\/p>\n<p>Different colours available<\/p>\n","protected":false},"excerpt":{"rendered":"<p>hats,beanie, cowboy hat, sun hat, childrens hat, m\u00fctsid, mmyts, peakatted, kaabud ,k\u00fcbarad, naiste m\u00fctsid, talvem\u00fcts, tutim\u00fcts, talvem\u00fctsid, panama hat, kauboim\u00fcts, kauboi kaabu, soni kootud m\u00fcts, l\u00e4kil\u00e4ki, torusall, buff , winter hat<\/p>\n","protected":false},"featured_media":16150,"template":"","meta":{"_gspb_post_css":""},"product_brand":[],"product_cat":[259],"product_tag":[],"class_list":{"0":"post-30694","1":"product","2":"type-product","3":"status-publish","4":"has-post-thumbnail","6":"product_cat-headbands","8":"first","9":"instock","10":"shipping-taxable","11":"purchasable","12":"product-type-simple"},"_links":{"self":[{"href":"https:\/\/mmyts.wordpresskodulehed.ee\/en\/wp-json\/wp\/v2\/product\/30694","targetHints":{"allow":["GET"]}}],"collection":[{"href":"https:\/\/mmyts.wordpresskodulehed.ee\/en\/wp-json\/wp\/v2\/product"}],"about":[{"href":"https:\/\/mmyts.wordpresskodulehed.ee\/en\/wp-json\/wp\/v2\/types\/product"}],"wp:featuredmedia":[{"embeddable":true,"href":"https:\/\/mmyts.wordpresskodulehed.ee\/en\/wp-json\/wp\/v2\/media\/16150"}],"wp:attachment":[{"href":"https:\/\/mmyts.wordpresskodulehed.ee\/en\/wp-json\/wp\/v2\/media?parent=30694"}],"wp:term":[{"taxonomy":"product_brand","embeddable":true,"href":"https:\/\/mmyts.wordpresskodulehed.ee\/en\/wp-json\/wp\/v2\/product_brand?post=30694"},{"taxonomy":"product_cat","embeddable":true,"href":"https:\/\/mmyts.wordpresskodulehed.ee\/en\/wp-json\/wp\/v2\/product_cat?post=30694"},{"taxonomy":"product_tag","embeddable":true,"href":"https:\/\/mmyts.wordpresskodulehed.ee\/en\/wp-json\/wp\/v2\/product_tag?post=30694"}],"curies":[{"name":"wp","href":"https:\/\/api.w.org\/{rel}","templated":true}]}}