{"id":30910,"date":"2026-05-05T17:38:35","date_gmt":"2026-05-05T17:38:35","guid":{"rendered":"https:\/\/mmyts.wordpresskodulehed.ee\/toode\/hat-filler\/"},"modified":"2026-05-05T17:38:35","modified_gmt":"2026-05-05T17:38:35","slug":"hat-filler","status":"publish","type":"product","link":"https:\/\/mmyts.wordpresskodulehed.ee\/en\/toode\/hat-filler\/","title":{"rendered":"Hat filler"},"content":{"rendered":"<p><span style=\"margin: 0px;padding: 0px;font-family: Arial, sans-serif;font-size: 12px\">\u2022 Helps wearer to get the best fit for their hat, bay adding foam inserts for a perfect fit.<\/span><\/p>\n<p><span style=\"margin: 0px;padding: 0px;font-family: Arial, sans-serif;font-size: 12px\">\u2022 Hat can be made up to 2 sizes smaller, providing a comfortable fit and feel<\/span><\/p>\n<p><span style=\"margin: 0px;padding: 0px;font-family: Arial, sans-serif;font-size: 12px\">\u2022 Easily removable for temporary use, or stick to the inside of a hat for permanent use.&nbsp;<\/span><\/p>\n<p><span style=\"margin: 0px;padding: 0px;font-family: Arial, sans-serif;font-size: 12px\">\u2022&nbsp;<\/span><span style=\"font-family: Arial, sans-serif;font-size: 12px\">Pack of 3 Separate Hat Fillers&nbsp;<\/span><\/p>\n<p><span style=\"margin: 0px;padding: 0px;font-family: Arial, sans-serif;font-size: 12px\">\u2022&nbsp;<\/span><span style=\"font-family: Arial, sans-serif;font-size: 12px\">Soft Foam Material &#8211; flexible and easy to use<\/span><\/p>\n<p><span style=\"margin: 0px;padding: 0px;font-family: Arial, sans-serif;font-size: 12px\">\u2022&nbsp;<\/span><span style=\"font-family: Arial, sans-serif;font-size: 12px\">Self Adhesive Backing&nbsp;<\/span><\/p>\n<p><span style=\"margin: 0px;padding: 0px;font-family: Arial, sans-serif;font-size: 12px\">\u2022&nbsp;<\/span><span style=\"font-family: Arial, sans-serif;font-size: 12px\">11cm x 3cm<\/span><\/p>\n<div><br style=\"margin: 0px;padding: 0px\" \/><br \/>\n&nbsp;<\/div>\n<p>&nbsp;<\/p>\n","protected":false},"excerpt":{"rendered":"<p>m\u00fcts, mmyts, hat , m\u00fctsi reguleerija, m\u00fctsi suurus , hat size regulator, hat size,talvem\u00fcts, talvem\u00fctsid, soe talvem\u00fcts,<br \/>\nsoe m\u00fcts, m\u00fcts,  mmyts, winter hat, hat, peakate, peakatted, soojad m\u00fctsid, meeste m\u00fctsid, naiste m\u00fctsid, laste m\u00fctsid, kaabud, talve<\/p>\n","protected":false},"featured_media":16318,"template":"","meta":{"_gspb_post_css":""},"product_brand":[],"product_cat":[244],"product_tag":[],"class_list":{"0":"post-30910","1":"product","2":"type-product","3":"status-publish","4":"has-post-thumbnail","6":"product_cat-adults-hats","8":"first","9":"instock","10":"shipping-taxable","11":"purchasable","12":"product-type-simple"},"_links":{"self":[{"href":"https:\/\/mmyts.wordpresskodulehed.ee\/en\/wp-json\/wp\/v2\/product\/30910","targetHints":{"allow":["GET"]}}],"collection":[{"href":"https:\/\/mmyts.wordpresskodulehed.ee\/en\/wp-json\/wp\/v2\/product"}],"about":[{"href":"https:\/\/mmyts.wordpresskodulehed.ee\/en\/wp-json\/wp\/v2\/types\/product"}],"wp:featuredmedia":[{"embeddable":true,"href":"https:\/\/mmyts.wordpresskodulehed.ee\/en\/wp-json\/wp\/v2\/media\/16318"}],"wp:attachment":[{"href":"https:\/\/mmyts.wordpresskodulehed.ee\/en\/wp-json\/wp\/v2\/media?parent=30910"}],"wp:term":[{"taxonomy":"product_brand","embeddable":true,"href":"https:\/\/mmyts.wordpresskodulehed.ee\/en\/wp-json\/wp\/v2\/product_brand?post=30910"},{"taxonomy":"product_cat","embeddable":true,"href":"https:\/\/mmyts.wordpresskodulehed.ee\/en\/wp-json\/wp\/v2\/product_cat?post=30910"},{"taxonomy":"product_tag","embeddable":true,"href":"https:\/\/mmyts.wordpresskodulehed.ee\/en\/wp-json\/wp\/v2\/product_tag?post=30910"}],"curies":[{"name":"wp","href":"https:\/\/api.w.org\/{rel}","templated":true}]}}