{"id":31165,"date":"2026-05-05T15:43:44","date_gmt":"2026-05-05T12:43:44","guid":{"rendered":"https:\/\/mmyts.wordpresskodulehed.ee\/toode\/beanie-58\/"},"modified":"2026-05-07T16:29:15","modified_gmt":"2026-05-07T13:29:15","slug":"beanie-58-3","status":"publish","type":"product","link":"https:\/\/mmyts.wordpresskodulehed.ee\/en\/toode\/beanie-58-3\/","title":{"rendered":"Beanie"},"content":{"rendered":"<p>Thin and lightweight cotton blend material beanie. One size, suitable for head circumference of 50-56 cm.<br \/>\nColor: grey-yellow<\/p>\n","protected":false},"excerpt":{"rendered":"<p>beanie hat, beanie m\u00fcts, suvem\u00fcts, \u00f5huke m\u00fcts, hat, beanie, surfim\u00fcts, suusam\u00fcts,talvem\u00fcts, talvem\u00fctsid, soe talvem\u00fcts,<br \/>\nsoe m\u00fcts, m\u00fcts , tutim\u00fcts, tutim\u00fctsid, eesti disain, surfim\u00fcts, k\u00e4sit\u00f6\u00f6, heegeldatud m\u00fcts, kootud m\u00fcts, eesti, eesti k\u00e4sit\u00f6\u00f6, k\u00e4sit\u00f6\u00f6 <\/p>\n","protected":false},"featured_media":16494,"template":"","meta":{"_gspb_post_css":""},"product_brand":[],"product_cat":[31,18],"product_tag":[],"class_list":{"0":"post-31165","1":"product","2":"type-product","3":"status-publish","4":"has-post-thumbnail","6":"product_cat-beanied","7":"product_cat-mutsid-lastele","8":"pa_varv-kollane","9":"pa_varv-sinine","11":"first","12":"instock","13":"shipping-taxable","14":"product-type-variable"},"_links":{"self":[{"href":"https:\/\/mmyts.wordpresskodulehed.ee\/en\/wp-json\/wp\/v2\/product\/31165","targetHints":{"allow":["GET"]}}],"collection":[{"href":"https:\/\/mmyts.wordpresskodulehed.ee\/en\/wp-json\/wp\/v2\/product"}],"about":[{"href":"https:\/\/mmyts.wordpresskodulehed.ee\/en\/wp-json\/wp\/v2\/types\/product"}],"wp:featuredmedia":[{"embeddable":true,"href":"https:\/\/mmyts.wordpresskodulehed.ee\/en\/wp-json\/wp\/v2\/media\/16494"}],"wp:attachment":[{"href":"https:\/\/mmyts.wordpresskodulehed.ee\/en\/wp-json\/wp\/v2\/media?parent=31165"}],"wp:term":[{"taxonomy":"product_brand","embeddable":true,"href":"https:\/\/mmyts.wordpresskodulehed.ee\/en\/wp-json\/wp\/v2\/product_brand?post=31165"},{"taxonomy":"product_cat","embeddable":true,"href":"https:\/\/mmyts.wordpresskodulehed.ee\/en\/wp-json\/wp\/v2\/product_cat?post=31165"},{"taxonomy":"product_tag","embeddable":true,"href":"https:\/\/mmyts.wordpresskodulehed.ee\/en\/wp-json\/wp\/v2\/product_tag?post=31165"}],"curies":[{"name":"wp","href":"https:\/\/api.w.org\/{rel}","templated":true}]}}