{"id":32969,"date":"2026-05-05T15:46:51","date_gmt":"2026-05-05T12:46:51","guid":{"rendered":"https:\/\/mmyts.wordpresskodulehed.ee\/toode\/summer-panama-hat\/"},"modified":"2026-05-07T16:29:23","modified_gmt":"2026-05-07T13:29:23","slug":"summer-panama-hat-2","status":"publish","type":"product","link":"https:\/\/mmyts.wordpresskodulehed.ee\/en\/toode\/summer-panama-hat-2\/","title":{"rendered":"Summer Panama hat"},"content":{"rendered":"<p>Large Brim Straw summer Panama Hat<\/p>\n<p>Adjustable size<\/p>\n<p>Foldable &#8211; easy to take with you&nbsp;<\/p>\n<p>&nbsp;<\/p>\n","protected":false},"excerpt":{"rendered":"<p>panama kaabu, suvekaabu, kaabu, kauboikaabu, m\u00fcts, peakate, suvem\u00fcts, hat, summer hat , mmyts, k\u00fcbarad, k\u00fcbar, cowboy hat, panama hat<\/p>\n","protected":false},"featured_media":17518,"template":"","meta":{"_gspb_post_css":""},"product_brand":[],"product_cat":[40],"product_tag":[],"class_list":{"0":"post-32969","1":"product","2":"type-product","3":"status-publish","4":"has-post-thumbnail","6":"product_cat-kauboikaabud","7":"pa_varv-beez","8":"pa_varv-must","10":"first","11":"instock","12":"shipping-taxable","13":"product-type-variable"},"_links":{"self":[{"href":"https:\/\/mmyts.wordpresskodulehed.ee\/en\/wp-json\/wp\/v2\/product\/32969","targetHints":{"allow":["GET"]}}],"collection":[{"href":"https:\/\/mmyts.wordpresskodulehed.ee\/en\/wp-json\/wp\/v2\/product"}],"about":[{"href":"https:\/\/mmyts.wordpresskodulehed.ee\/en\/wp-json\/wp\/v2\/types\/product"}],"wp:featuredmedia":[{"embeddable":true,"href":"https:\/\/mmyts.wordpresskodulehed.ee\/en\/wp-json\/wp\/v2\/media\/17518"}],"wp:attachment":[{"href":"https:\/\/mmyts.wordpresskodulehed.ee\/en\/wp-json\/wp\/v2\/media?parent=32969"}],"wp:term":[{"taxonomy":"product_brand","embeddable":true,"href":"https:\/\/mmyts.wordpresskodulehed.ee\/en\/wp-json\/wp\/v2\/product_brand?post=32969"},{"taxonomy":"product_cat","embeddable":true,"href":"https:\/\/mmyts.wordpresskodulehed.ee\/en\/wp-json\/wp\/v2\/product_cat?post=32969"},{"taxonomy":"product_tag","embeddable":true,"href":"https:\/\/mmyts.wordpresskodulehed.ee\/en\/wp-json\/wp\/v2\/product_tag?post=32969"}],"curies":[{"name":"wp","href":"https:\/\/api.w.org\/{rel}","templated":true}]}}