{"id":33272,"date":"2026-05-05T17:42:25","date_gmt":"2026-05-05T17:42:25","guid":{"rendered":"https:\/\/mmyts.wordpresskodulehed.ee\/toode\/face-protection-mask-ffp2\/"},"modified":"2026-05-05T17:42:25","modified_gmt":"2026-05-05T17:42:25","slug":"face-protection-mask-ffp2","status":"publish","type":"product","link":"https:\/\/mmyts.wordpresskodulehed.ee\/en\/toode\/face-protection-mask-ffp2\/","title":{"rendered":"Face protection mask FFP2"},"content":{"rendered":"<ul style=\"padding-left: 20px;font-family: montserrat, Helvetica, Arial, sans-serif;font-size: 14px\">\n<li style=\"padding-bottom: 5px;padding-top: 5px\">FFP2 type respirator \/ face protection mask<\/li>\n<li style=\"padding-bottom: 5px;padding-top: 5px\">conforms to standard EN 149+A1<\/li>\n<li style=\"padding-bottom: 5px;padding-top: 5px\">NR &#8211; disposable use<\/li>\n<li style=\"padding-bottom: 5px;padding-top: 5px\">one size<\/li>\n<li style=\"padding-bottom: 5px;padding-top: 5px\">photos are for illustration purposes only<\/li>\n<li style=\"padding-bottom: 5px;padding-top: 5px\">minimum order quantity 5 pcs<\/li>\n<\/ul>\n","protected":false},"excerpt":{"rendered":"<p>mask, n\u00e4omask, kaitsemask, face mask, viiruse kaitse, viirusemask, viirus, marlimask, meditsiiniline kaitsemask. n\u00e4okaitsemask, tolmumask, respiraator, n\u00e4okaitse, viiruset\u00f5rje, covid 19, kaitsevahendid.<\/p>\n","protected":false},"featured_media":17687,"template":"","meta":{"_gspb_post_css":""},"product_brand":[],"product_cat":[231],"product_tag":[],"class_list":{"0":"post-33272","1":"product","2":"type-product","3":"status-publish","4":"has-post-thumbnail","6":"product_cat-protective-equipment","8":"first","9":"instock","10":"shipping-taxable","11":"purchasable","12":"product-type-simple"},"_links":{"self":[{"href":"https:\/\/mmyts.wordpresskodulehed.ee\/en\/wp-json\/wp\/v2\/product\/33272","targetHints":{"allow":["GET"]}}],"collection":[{"href":"https:\/\/mmyts.wordpresskodulehed.ee\/en\/wp-json\/wp\/v2\/product"}],"about":[{"href":"https:\/\/mmyts.wordpresskodulehed.ee\/en\/wp-json\/wp\/v2\/types\/product"}],"wp:featuredmedia":[{"embeddable":true,"href":"https:\/\/mmyts.wordpresskodulehed.ee\/en\/wp-json\/wp\/v2\/media\/17687"}],"wp:attachment":[{"href":"https:\/\/mmyts.wordpresskodulehed.ee\/en\/wp-json\/wp\/v2\/media?parent=33272"}],"wp:term":[{"taxonomy":"product_brand","embeddable":true,"href":"https:\/\/mmyts.wordpresskodulehed.ee\/en\/wp-json\/wp\/v2\/product_brand?post=33272"},{"taxonomy":"product_cat","embeddable":true,"href":"https:\/\/mmyts.wordpresskodulehed.ee\/en\/wp-json\/wp\/v2\/product_cat?post=33272"},{"taxonomy":"product_tag","embeddable":true,"href":"https:\/\/mmyts.wordpresskodulehed.ee\/en\/wp-json\/wp\/v2\/product_tag?post=33272"}],"curies":[{"name":"wp","href":"https:\/\/api.w.org\/{rel}","templated":true}]}}