{"id":33273,"date":"2026-05-05T17:42:25","date_gmt":"2026-05-05T17:42:25","guid":{"rendered":"https:\/\/mmyts.wordpresskodulehed.ee\/toode\/face-protection-mask-ffp1\/"},"modified":"2026-05-05T17:42:25","modified_gmt":"2026-05-05T17:42:25","slug":"face-protection-mask-ffp1","status":"publish","type":"product","link":"https:\/\/mmyts.wordpresskodulehed.ee\/en\/toode\/face-protection-mask-ffp1\/","title":{"rendered":"Face protection mask FFP1"},"content":{"rendered":"<p>\u2022 FFP1 type face shield<br \/>\n\u2022 100% polypropylene<br \/>\n\u2022 Multilayer material<br \/>\n\u2022 One size &#8211; fits to everyone<br \/>\n\u2022 Disposable<br \/>\n\u2022 Fastening with a fine non-woven strip &#8211; comfortable, practical and keeps the face mask in the perfect position<br \/>\n\u2022 Minimum order quantity 5 pcs.<\/p>\n<p><span style=\"font-size: 13px\">\u2022 Pictures are for illustrative purposes only<\/span><\/p>\n","protected":false},"excerpt":{"rendered":"<p>mask, n\u00e4omask, kaitsemask, face mask, viiruse kaitse, viirusemask, viirus, marlimask, meditsiiniline kaitsemask. n\u00e4okaitsemask, tolmumask, respiraator, n\u00e4okaitse, viiruset\u00f5rje, covid 19, kaitsevahendid.<\/p>\n","protected":false},"featured_media":17689,"template":"","meta":{"_gspb_post_css":""},"product_brand":[],"product_cat":[231],"product_tag":[],"class_list":{"0":"post-33273","1":"product","2":"type-product","3":"status-publish","4":"has-post-thumbnail","6":"product_cat-protective-equipment","8":"first","9":"instock","10":"shipping-taxable","11":"purchasable","12":"product-type-simple"},"_links":{"self":[{"href":"https:\/\/mmyts.wordpresskodulehed.ee\/en\/wp-json\/wp\/v2\/product\/33273","targetHints":{"allow":["GET"]}}],"collection":[{"href":"https:\/\/mmyts.wordpresskodulehed.ee\/en\/wp-json\/wp\/v2\/product"}],"about":[{"href":"https:\/\/mmyts.wordpresskodulehed.ee\/en\/wp-json\/wp\/v2\/types\/product"}],"wp:featuredmedia":[{"embeddable":true,"href":"https:\/\/mmyts.wordpresskodulehed.ee\/en\/wp-json\/wp\/v2\/media\/17689"}],"wp:attachment":[{"href":"https:\/\/mmyts.wordpresskodulehed.ee\/en\/wp-json\/wp\/v2\/media?parent=33273"}],"wp:term":[{"taxonomy":"product_brand","embeddable":true,"href":"https:\/\/mmyts.wordpresskodulehed.ee\/en\/wp-json\/wp\/v2\/product_brand?post=33273"},{"taxonomy":"product_cat","embeddable":true,"href":"https:\/\/mmyts.wordpresskodulehed.ee\/en\/wp-json\/wp\/v2\/product_cat?post=33273"},{"taxonomy":"product_tag","embeddable":true,"href":"https:\/\/mmyts.wordpresskodulehed.ee\/en\/wp-json\/wp\/v2\/product_tag?post=33273"}],"curies":[{"name":"wp","href":"https:\/\/api.w.org\/{rel}","templated":true}]}}