{"id":33275,"date":"2026-05-05T17:42:26","date_gmt":"2026-05-05T17:42:26","guid":{"rendered":"https:\/\/mmyts.wordpresskodulehed.ee\/toode\/protective-overall\/"},"modified":"2026-05-05T17:42:26","modified_gmt":"2026-05-05T17:42:26","slug":"protective-overall","status":"publish","type":"product","link":"https:\/\/mmyts.wordpresskodulehed.ee\/en\/toode\/protective-overall\/","title":{"rendered":"Protective overall"},"content":{"rendered":"<ul>\n<li>protective coverall with hood<\/li>\n<li>100 % polypropylene + PE membrane<\/li>\n<li>taped seams<\/li>\n<li>conforms to standard EN ISO 13688, EN 13034+A1 (type 6), EN 14126 (B)<\/li>\n<li>NR &#8211; disposable use<\/li>\n<li>photos are for illustration purposes only<\/li>\n<li>Available in sizes L, XL and XXL<\/li>\n<\/ul>\n","protected":false},"excerpt":{"rendered":"<p>mask, n\u00e4omask, kaitsemask, face mask, viiruse kaitse, viirusemask, viirus, marlimask, meditsiiniline kaitsemask. n\u00e4okaitsemask, tolmumask, respiraator, n\u00e4okaitse, viiruset\u00f5rje, covid 19, kaitsevahendid, kaitse\u00fclikond, protective shield.<\/p>\n","protected":false},"featured_media":17693,"template":"","meta":{"_gspb_post_css":""},"product_brand":[],"product_cat":[231],"product_tag":[],"class_list":{"0":"post-33275","1":"product","2":"type-product","3":"status-publish","4":"has-post-thumbnail","6":"product_cat-protective-equipment","8":"first","9":"instock","10":"shipping-taxable","11":"purchasable","12":"product-type-simple"},"_links":{"self":[{"href":"https:\/\/mmyts.wordpresskodulehed.ee\/en\/wp-json\/wp\/v2\/product\/33275","targetHints":{"allow":["GET"]}}],"collection":[{"href":"https:\/\/mmyts.wordpresskodulehed.ee\/en\/wp-json\/wp\/v2\/product"}],"about":[{"href":"https:\/\/mmyts.wordpresskodulehed.ee\/en\/wp-json\/wp\/v2\/types\/product"}],"wp:featuredmedia":[{"embeddable":true,"href":"https:\/\/mmyts.wordpresskodulehed.ee\/en\/wp-json\/wp\/v2\/media\/17693"}],"wp:attachment":[{"href":"https:\/\/mmyts.wordpresskodulehed.ee\/en\/wp-json\/wp\/v2\/media?parent=33275"}],"wp:term":[{"taxonomy":"product_brand","embeddable":true,"href":"https:\/\/mmyts.wordpresskodulehed.ee\/en\/wp-json\/wp\/v2\/product_brand?post=33275"},{"taxonomy":"product_cat","embeddable":true,"href":"https:\/\/mmyts.wordpresskodulehed.ee\/en\/wp-json\/wp\/v2\/product_cat?post=33275"},{"taxonomy":"product_tag","embeddable":true,"href":"https:\/\/mmyts.wordpresskodulehed.ee\/en\/wp-json\/wp\/v2\/product_tag?post=33275"}],"curies":[{"name":"wp","href":"https:\/\/api.w.org\/{rel}","templated":true}]}}