{"id":33290,"date":"2026-05-05T17:42:30","date_gmt":"2026-05-05T17:42:30","guid":{"rendered":"https:\/\/mmyts.wordpresskodulehed.ee\/toode\/classic-style-newsboy-hat-for-kids\/"},"modified":"2026-05-07T15:53:54","modified_gmt":"2026-05-07T12:53:54","slug":"classic-style-newsboy-hat-for-kids","status":"publish","type":"product","link":"https:\/\/mmyts.wordpresskodulehed.ee\/en\/toode\/classic-style-newsboy-hat-for-kids\/","title":{"rendered":"Classic style newsboy hat for kids"},"content":{"rendered":"<p><span style=\"margin: 0px;padding: 0px;font-family: Arial, sans-serif\">\u2022&nbsp;<\/span><span style=\"font-family: Arial, sans-serif\">Classic Newsboy Cap for kids<\/span><br style=\"margin: 0px;padding: 0px\" \/><br \/>\n<span style=\"margin: 0px;padding: 0px;font-family: Arial, sans-serif\">\u2022 Elastic adjustable back<\/span><br style=\"margin: 0px;padding: 0px\" \/><br \/>\n<span style=\"margin: 0px;padding: 0px;font-family: Arial, sans-serif\">\u2022&nbsp;<\/span><span style=\"font-family: Arial, sans-serif\">Traditional Design<\/span><br style=\"margin: 0px;padding: 0px\" \/><br \/>\n<span style=\"margin: 0px;padding: 0px;font-family: Arial, sans-serif\">\u2022&nbsp;<\/span><span style=\"font-family: Arial, sans-serif\">Premium Quality Material<\/span><br style=\"margin: 0px;padding: 0px\" \/><br \/>\n<span style=\"margin: 0px;padding: 0px;font-family: Arial, sans-serif\">\u2022&nbsp;<\/span><span style=\"font-family: Arial, sans-serif\">Stylish and Practical<\/span><\/p>\n<p>&nbsp;<\/p>\n","protected":false},"excerpt":{"rendered":"<p>womens woolly cap, newsbaoy cap, naiste m\u00fcts, nokkm\u00fcts, nokam\u00fcts, nokaga m\u00fcts, suvem\u00fcts, naistem\u00fcts.kids hat, lastem\u00fcts, <\/p>\n","protected":false},"featured_media":17710,"template":"","meta":{"_gspb_post_css":""},"product_brand":[],"product_cat":[18,66],"product_tag":[],"class_list":{"0":"post-33290","1":"product","2":"type-product","3":"status-publish","4":"has-post-thumbnail","6":"product_cat-mutsid-lastele","7":"product_cat-nokamutsid-128","8":"pa_varv-hall","9":"pa_varv-must","11":"first","12":"instock","13":"shipping-taxable","14":"purchasable","15":"product-type-variable"},"_links":{"self":[{"href":"https:\/\/mmyts.wordpresskodulehed.ee\/en\/wp-json\/wp\/v2\/product\/33290","targetHints":{"allow":["GET"]}}],"collection":[{"href":"https:\/\/mmyts.wordpresskodulehed.ee\/en\/wp-json\/wp\/v2\/product"}],"about":[{"href":"https:\/\/mmyts.wordpresskodulehed.ee\/en\/wp-json\/wp\/v2\/types\/product"}],"wp:featuredmedia":[{"embeddable":true,"href":"https:\/\/mmyts.wordpresskodulehed.ee\/en\/wp-json\/wp\/v2\/media\/17710"}],"wp:attachment":[{"href":"https:\/\/mmyts.wordpresskodulehed.ee\/en\/wp-json\/wp\/v2\/media?parent=33290"}],"wp:term":[{"taxonomy":"product_brand","embeddable":true,"href":"https:\/\/mmyts.wordpresskodulehed.ee\/en\/wp-json\/wp\/v2\/product_brand?post=33290"},{"taxonomy":"product_cat","embeddable":true,"href":"https:\/\/mmyts.wordpresskodulehed.ee\/en\/wp-json\/wp\/v2\/product_cat?post=33290"},{"taxonomy":"product_tag","embeddable":true,"href":"https:\/\/mmyts.wordpresskodulehed.ee\/en\/wp-json\/wp\/v2\/product_tag?post=33290"}],"curies":[{"name":"wp","href":"https:\/\/api.w.org\/{rel}","templated":true}]}}