{"id":34237,"date":"2026-05-05T15:49:04","date_gmt":"2026-05-05T12:49:04","guid":{"rendered":"https:\/\/mmyts.wordpresskodulehed.ee\/toode\/gents-softshell-jacket\/"},"modified":"2026-05-07T16:28:33","modified_gmt":"2026-05-07T13:28:33","slug":"gents-softshell-jacket-2","status":"publish","type":"product","link":"https:\/\/mmyts.wordpresskodulehed.ee\/en\/toode\/gents-softshell-jacket-2\/","title":{"rendered":"Gents softshell jacket"},"content":{"rendered":"<p>Permeable gents softshell jacket that is rain and wind resistant.<\/p>\n<p>Reflective stripes on the front and back of the jacket.<\/p>\n<p>Full length zip-up, zipper reinforced with a strip that also protects the upper edge of the zaper.<\/p>\n<p>Two front pockets with zippers and reflective stripes, a small pocket on the left sleeve.<\/p>\n<p>Inner breast pocket with a zipper and an opening for earphones.<\/p>\n<p>The lower hem of sleeves is adjustable via Velcro. Extended rear part Waterproof 14,000 mm. Breathable 2,000 g \/ m2 \/ 24 h.<\/p>\n<p>Colour: Blue<\/p>\n<table border=\"1\" cellpadding=\"1\" cellspacing=\"1\" style=\"font-size: 13px;width: 500px\">\n<tbody>\n<tr>\n<td>SIZE<\/td>\n<td>S<\/td>\n<td>M<\/td>\n<td>L<\/td>\n<td>XL<\/td>\n<td>XXL<\/td>\n<td>XXL<\/td>\n<\/tr>\n<tr>\n<td>&nbsp;length cm<\/td>\n<td>68<\/td>\n<td>70<\/td>\n<td>72<\/td>\n<td>74<\/td>\n<td>76<\/td>\n<td>76<\/td>\n<\/tr>\n<tr>\n<td>1\/2 chest &nbsp;cm<\/td>\n<td>49<\/td>\n<td>54<\/td>\n<td>59<\/td>\n<td>63<\/td>\n<td>67<\/td>\n<td>73<\/td>\n<\/tr>\n<tr>\n<td>sleeve length cm<\/td>\n<td>64<\/td>\n<td>65<\/td>\n<td>67<\/td>\n<td>69<\/td>\n<td>71<\/td>\n<td>71<\/td>\n<\/tr>\n<\/tbody>\n<\/table>\n","protected":false},"excerpt":{"rendered":"<p>jope, softshell, jakk, tuulejope, talvejope, vihmajope, s\u00fcgisjope, meeste riided, joped, jacketsSoftshell Jacket Gents, jope, meeste jope, talvejope, parka , vest,jope , s\u00fcgisjope, meeste jope, soe jope, vihmajope, jakk, s\u00fcgisriided, meeste riided, riided<\/p>\n","protected":false},"featured_media":14204,"template":"","meta":{"_gspb_post_css":""},"product_brand":[],"product_cat":[28],"product_tag":[],"class_list":{"0":"post-34237","1":"product","2":"type-product","3":"status-publish","4":"has-post-thumbnail","6":"product_cat-uleriided","7":"pa_varv-must","8":"pa_varv-sinine","10":"first","11":"instock","12":"shipping-taxable","13":"purchasable","14":"product-type-variable"},"_links":{"self":[{"href":"https:\/\/mmyts.wordpresskodulehed.ee\/en\/wp-json\/wp\/v2\/product\/34237","targetHints":{"allow":["GET"]}}],"collection":[{"href":"https:\/\/mmyts.wordpresskodulehed.ee\/en\/wp-json\/wp\/v2\/product"}],"about":[{"href":"https:\/\/mmyts.wordpresskodulehed.ee\/en\/wp-json\/wp\/v2\/types\/product"}],"wp:featuredmedia":[{"embeddable":true,"href":"https:\/\/mmyts.wordpresskodulehed.ee\/en\/wp-json\/wp\/v2\/media\/14204"}],"wp:attachment":[{"href":"https:\/\/mmyts.wordpresskodulehed.ee\/en\/wp-json\/wp\/v2\/media?parent=34237"}],"wp:term":[{"taxonomy":"product_brand","embeddable":true,"href":"https:\/\/mmyts.wordpresskodulehed.ee\/en\/wp-json\/wp\/v2\/product_brand?post=34237"},{"taxonomy":"product_cat","embeddable":true,"href":"https:\/\/mmyts.wordpresskodulehed.ee\/en\/wp-json\/wp\/v2\/product_cat?post=34237"},{"taxonomy":"product_tag","embeddable":true,"href":"https:\/\/mmyts.wordpresskodulehed.ee\/en\/wp-json\/wp\/v2\/product_tag?post=34237"}],"curies":[{"name":"wp","href":"https:\/\/api.w.org\/{rel}","templated":true}]}}