{"id":34300,"date":"2026-05-05T17:44:07","date_gmt":"2026-05-05T17:44:07","guid":{"rendered":"https:\/\/mmyts.wordpresskodulehed.ee\/toode\/winter-pom-pom-hat-for-kids\/"},"modified":"2026-05-05T17:44:07","modified_gmt":"2026-05-05T17:44:07","slug":"winter-pom-pom-hat-for-kids","status":"publish","type":"product","link":"https:\/\/mmyts.wordpresskodulehed.ee\/en\/toode\/winter-pom-pom-hat-for-kids\/","title":{"rendered":"Winter pom pom hat for kids"},"content":{"rendered":"<p>Knitted beanie hat, bon-bon for kids<\/p>\n<p>One size &#8211; fits to head circumference 50 &#8211; 55 cm<\/p>\n<p>Material&nbsp; 85% acrylic and 15&nbsp;% polyamid<\/p>\n<p>Suitable for kids&nbsp; 3- 7 years<\/p>\n<p>&nbsp;<\/p>\n","protected":false},"excerpt":{"rendered":"<p>talvem\u00fcts, talvem\u00fctsid, soe talvem\u00fcts,<br \/>\nsoe m\u00fcts, m\u00fcts,  mmyts, winter hat, hat, peakate, peakatted, soojad m\u00fctsid, meeste m\u00fctsid, naiste m\u00fctsid, laste m\u00fctsid, kaabud, talveriided, kindad, sonid, k\u00fcbarad, beanied, tutim\u00fcts, tutim\u00fctsid, pompom hat<\/p>\n","protected":false},"featured_media":18248,"template":"","meta":{"_gspb_post_css":""},"product_brand":[],"product_cat":[18,58,65],"product_tag":[],"class_list":{"0":"post-34300","1":"product","2":"type-product","3":"status-publish","4":"has-post-thumbnail","6":"product_cat-mutsid-lastele","7":"product_cat-tutimutsid","8":"product_cat-uus-kollektsioon","9":"pa_varv-hall","10":"pa_varv-roosa","11":"pa_varv-sinine","12":"pa_varv-valge","14":"first","15":"instock","16":"shipping-taxable","17":"product-type-variable"},"_links":{"self":[{"href":"https:\/\/mmyts.wordpresskodulehed.ee\/en\/wp-json\/wp\/v2\/product\/34300","targetHints":{"allow":["GET"]}}],"collection":[{"href":"https:\/\/mmyts.wordpresskodulehed.ee\/en\/wp-json\/wp\/v2\/product"}],"about":[{"href":"https:\/\/mmyts.wordpresskodulehed.ee\/en\/wp-json\/wp\/v2\/types\/product"}],"wp:featuredmedia":[{"embeddable":true,"href":"https:\/\/mmyts.wordpresskodulehed.ee\/en\/wp-json\/wp\/v2\/media\/18248"}],"wp:attachment":[{"href":"https:\/\/mmyts.wordpresskodulehed.ee\/en\/wp-json\/wp\/v2\/media?parent=34300"}],"wp:term":[{"taxonomy":"product_brand","embeddable":true,"href":"https:\/\/mmyts.wordpresskodulehed.ee\/en\/wp-json\/wp\/v2\/product_brand?post=34300"},{"taxonomy":"product_cat","embeddable":true,"href":"https:\/\/mmyts.wordpresskodulehed.ee\/en\/wp-json\/wp\/v2\/product_cat?post=34300"},{"taxonomy":"product_tag","embeddable":true,"href":"https:\/\/mmyts.wordpresskodulehed.ee\/en\/wp-json\/wp\/v2\/product_tag?post=34300"}],"curies":[{"name":"wp","href":"https:\/\/api.w.org\/{rel}","templated":true}]}}