{"id":34304,"date":"2026-05-05T17:44:09","date_gmt":"2026-05-05T17:44:09","guid":{"rendered":"https:\/\/mmyts.wordpresskodulehed.ee\/toode\/winter-beanie-hat\/"},"modified":"2026-05-05T17:44:09","modified_gmt":"2026-05-05T17:44:09","slug":"winter-beanie-hat","status":"publish","type":"product","link":"https:\/\/mmyts.wordpresskodulehed.ee\/en\/toode\/winter-beanie-hat\/","title":{"rendered":"Winter beanie hat"},"content":{"rendered":"<p>Knitted beanie hat<\/p>\n<p>One size &#8211; fits to head circumference 55&nbsp;&#8211; 58&nbsp;cm<\/p>\n<p>Material&nbsp; 85% acrylic and 15&nbsp;% polyamid<\/p>\n<p>&nbsp;<\/p>\n<p>&nbsp;<\/p>\n","protected":false},"excerpt":{"rendered":"<p>talvem\u00fcts, talvem\u00fctsid, soe talvem\u00fcts,<br \/>\nsoe m\u00fcts, m\u00fcts,  mmyts, winter hat, hat, peakate, peakatted, soojad m\u00fctsid, meeste m\u00fctsid, naiste m\u00fctsid, laste m\u00fctsid, kaabud, talveriided, kindad, sonid, k\u00fcbarad, beanied, tutim\u00fcts, tutim\u00fctsid, pompom hat<\/p>\n","protected":false},"featured_media":18252,"template":"","meta":{"_gspb_post_css":""},"product_brand":[],"product_cat":[31,65],"product_tag":[],"class_list":{"0":"post-34304","1":"product","2":"type-product","3":"status-publish","4":"has-post-thumbnail","6":"product_cat-beanied","7":"product_cat-uus-kollektsioon","8":"pa_varv-beez","9":"pa_varv-hall","10":"pa_varv-kollane","12":"first","13":"instock","14":"shipping-taxable","15":"product-type-variable"},"_links":{"self":[{"href":"https:\/\/mmyts.wordpresskodulehed.ee\/en\/wp-json\/wp\/v2\/product\/34304","targetHints":{"allow":["GET"]}}],"collection":[{"href":"https:\/\/mmyts.wordpresskodulehed.ee\/en\/wp-json\/wp\/v2\/product"}],"about":[{"href":"https:\/\/mmyts.wordpresskodulehed.ee\/en\/wp-json\/wp\/v2\/types\/product"}],"wp:featuredmedia":[{"embeddable":true,"href":"https:\/\/mmyts.wordpresskodulehed.ee\/en\/wp-json\/wp\/v2\/media\/18252"}],"wp:attachment":[{"href":"https:\/\/mmyts.wordpresskodulehed.ee\/en\/wp-json\/wp\/v2\/media?parent=34304"}],"wp:term":[{"taxonomy":"product_brand","embeddable":true,"href":"https:\/\/mmyts.wordpresskodulehed.ee\/en\/wp-json\/wp\/v2\/product_brand?post=34304"},{"taxonomy":"product_cat","embeddable":true,"href":"https:\/\/mmyts.wordpresskodulehed.ee\/en\/wp-json\/wp\/v2\/product_cat?post=34304"},{"taxonomy":"product_tag","embeddable":true,"href":"https:\/\/mmyts.wordpresskodulehed.ee\/en\/wp-json\/wp\/v2\/product_tag?post=34304"}],"curies":[{"name":"wp","href":"https:\/\/api.w.org\/{rel}","templated":true}]}}