{"id":34409,"date":"2026-05-05T15:49:38","date_gmt":"2026-05-05T12:49:38","guid":{"rendered":"https:\/\/mmyts.wordpresskodulehed.ee\/toode\/t-shirt-for-women\/"},"modified":"2026-05-07T16:29:33","modified_gmt":"2026-05-07T13:29:33","slug":"t-shirt-for-women-2","status":"publish","type":"product","link":"https:\/\/mmyts.wordpresskodulehed.ee\/en\/toode\/t-shirt-for-women-2\/","title":{"rendered":"T-shirt for women"},"content":{"rendered":"<p>Quality cotton T-shirt for women<\/p>\n<ul>\n<li style=\"padding-bottom: 5px;padding-top: 5px\">certified organic cotton<\/li>\n<li style=\"padding-bottom: 5px;padding-top: 5px\">thick-thin structure of slub knit fabric<\/li>\n<li style=\"padding-bottom: 5px;padding-top: 5px\">slight fit cut with side seams<\/li>\n<li style=\"padding-bottom: 5px;padding-top: 5px\">narrow neckline hem of shell fabric with 5 % elastane<\/li>\n<li style=\"padding-bottom: 5px;padding-top: 5px\">inner back neckline with a shell fabric tape<\/li>\n<li style=\"padding-bottom: 5px;padding-top: 5px\">fixing shoulder seams<\/li>\n<li style=\"padding-bottom: 5px;padding-top: 5px\">100% cotton<\/li>\n<li style=\"padding-bottom: 5px;padding-top: 5px\">h<span style=\"font-size: 13px\">igh guality material 15<\/span><span style=\"font-size: 13px\">0 g\/m2<\/span><\/li>\n<li>washable at 40\u00b0 C<\/li>\n<\/ul>\n<table border=\"1\" cellpadding=\"1\" cellspacing=\"1\" style=\"width: 700px\">\n<tbody>\n<tr>\n<td>&nbsp;Size<\/td>\n<td>&nbsp;XS<\/td>\n<td>&nbsp;S<\/td>\n<td>&nbsp;M<\/td>\n<td>&nbsp;L<\/td>\n<td>&nbsp;XL<\/td>\n<td>&nbsp;XXL<\/td>\n<\/tr>\n<tr>\n<td>&nbsp;Length cm<\/td>\n<td>&nbsp;60<\/td>\n<td>&nbsp;62<\/td>\n<td>&nbsp;64<\/td>\n<td>&nbsp;66<\/td>\n<td>&nbsp;68<\/td>\n<td>&nbsp;70<\/td>\n<\/tr>\n<tr>\n<td>&nbsp;1\/2 chest cm<\/td>\n<td>&nbsp;38<\/td>\n<td>&nbsp;42<\/td>\n<td>&nbsp;46<\/td>\n<td>&nbsp;50<\/td>\n<td>&nbsp;55<\/td>\n<td>&nbsp;61<\/td>\n<\/tr>\n<tr>\n<td>&nbsp;Sleeve length cm<\/td>\n<td>&nbsp;14<\/td>\n<td>&nbsp;15<\/td>\n<td>&nbsp;16<\/td>\n<td>&nbsp;17<\/td>\n<td>&nbsp;18<\/td>\n<td>&nbsp;19<\/td>\n<\/tr>\n<\/tbody>\n<\/table>\n<p>&nbsp;<\/p>\n<p>&nbsp;<\/p>\n<div>&nbsp;<\/div>\n","protected":false},"excerpt":{"rendered":"<p>T-s\u00e4rk, T-shirt, lastes\u00e4rk, suvine s\u00e4rk, summer shirt,T-s\u00e4rk, s\u00e4rk, shirt, T-shirt, women clothes, s\u00e4rgid, naiste s\u00e4rgid, naisteriided, naiste riietus, spordis\u00e4rgid, puuvillased s\u00e4rgid ,cotton shirts, women shirts, training shirts, treenings\u00e4rgid, trendik<\/p>\n","protected":false},"featured_media":18319,"template":"","meta":{"_gspb_post_css":""},"product_brand":[],"product_cat":[63],"product_tag":[],"class_list":{"0":"post-34409","1":"product","2":"type-product","3":"status-publish","4":"has-post-thumbnail","6":"product_cat-sargid-t-sargid-125","7":"pa_varv-kollane","8":"pa_varv-magenta","9":"pa_varv-meresinine","10":"pa_varv-must","11":"pa_varv-oranz","12":"pa_varv-punane","13":"pa_varv-roheline","14":"pa_varv-sinine","15":"pa_varv-tumesinine","16":"pa_varv-valge","18":"first","19":"instock","20":"sale","21":"shipping-taxable","22":"purchasable","23":"product-type-variable"},"_links":{"self":[{"href":"https:\/\/mmyts.wordpresskodulehed.ee\/en\/wp-json\/wp\/v2\/product\/34409","targetHints":{"allow":["GET"]}}],"collection":[{"href":"https:\/\/mmyts.wordpresskodulehed.ee\/en\/wp-json\/wp\/v2\/product"}],"about":[{"href":"https:\/\/mmyts.wordpresskodulehed.ee\/en\/wp-json\/wp\/v2\/types\/product"}],"wp:featuredmedia":[{"embeddable":true,"href":"https:\/\/mmyts.wordpresskodulehed.ee\/en\/wp-json\/wp\/v2\/media\/18319"}],"wp:attachment":[{"href":"https:\/\/mmyts.wordpresskodulehed.ee\/en\/wp-json\/wp\/v2\/media?parent=34409"}],"wp:term":[{"taxonomy":"product_brand","embeddable":true,"href":"https:\/\/mmyts.wordpresskodulehed.ee\/en\/wp-json\/wp\/v2\/product_brand?post=34409"},{"taxonomy":"product_cat","embeddable":true,"href":"https:\/\/mmyts.wordpresskodulehed.ee\/en\/wp-json\/wp\/v2\/product_cat?post=34409"},{"taxonomy":"product_tag","embeddable":true,"href":"https:\/\/mmyts.wordpresskodulehed.ee\/en\/wp-json\/wp\/v2\/product_tag?post=34409"}],"curies":[{"name":"wp","href":"https:\/\/api.w.org\/{rel}","templated":true}]}}