{"id":34612,"date":"2026-05-05T17:44:52","date_gmt":"2026-05-05T17:44:52","guid":{"rendered":"https:\/\/mmyts.wordpresskodulehed.ee\/toode\/trendy-sweatshirt\/"},"modified":"2026-05-07T15:46:53","modified_gmt":"2026-05-07T12:46:53","slug":"trendy-sweatshirt","status":"publish","type":"product","link":"https:\/\/mmyts.wordpresskodulehed.ee\/en\/toode\/trendy-sweatshirt\/","title":{"rendered":"Trendy  sweatshirt"},"content":{"rendered":"<p>&nbsp;<\/p>\n<p>&nbsp;<\/p>\n<p>&nbsp;<\/p>\n<ul>\n<li>sweatshirt with stand-up collar made of ribbed knitwear<\/li>\n<li>Silver spiral zip<\/li>\n<li>Spherical head sleeves<\/li>\n<li>Two front &#8220;kangaroo&#8221; pockets<\/li>\n<li>Side sections, lower hem, cuff s and pocket lining made of ribbed knitwear 2:2 with added elastane<\/li>\n<li>extends down the sides<\/li>\n<li>Material : 65% cotton, 35% polyester.<\/li>\n<li>Washable until&nbsp;40\u00b0C<\/li>\n<li>Sizes S&nbsp;\u2013 XXXL<\/li>\n<\/ul>\n<p style=\"font-size: 13px\">&nbsp;<\/p>\n<table border=\"1\" cellpadding=\"1\" cellspacing=\"1\" style=\"font-size: 13px;width: 800px\">\n<tbody>\n<tr>\n<td>&nbsp;Suurused<\/td>\n<td>&nbsp;XS<\/td>\n<td>&nbsp;S<\/td>\n<td>&nbsp;M<\/td>\n<td>&nbsp;L<\/td>\n<td>&nbsp;XL<\/td>\n<td>&nbsp;XXL<\/td>\n<\/tr>\n<tr>\n<td>&nbsp;Pikkus cm<\/td>\n<td>&nbsp;70<\/td>\n<td>&nbsp;72<\/td>\n<td>&nbsp;74<\/td>\n<td>&nbsp;76<\/td>\n<td>&nbsp;78<\/td>\n<td>&nbsp;78<\/td>\n<\/tr>\n<tr>\n<td>&nbsp;1\/2 rinna\u00fcmberm\u00f5\u00f5t cm<\/td>\n<td>&nbsp;51<\/td>\n<td>&nbsp;55<\/td>\n<td>60<\/td>\n<td>&nbsp;64<\/td>\n<td>68<\/td>\n<td>&nbsp;74<\/td>\n<\/tr>\n<tr>\n<td>&nbsp;Varruka pikkus cm<\/td>\n<td>&nbsp;63<\/td>\n<td>&nbsp;65<\/td>\n<td>&nbsp;67<\/td>\n<td>&nbsp;69<\/td>\n<td>&nbsp;71<\/td>\n<td>&nbsp;71<\/td>\n<\/tr>\n<\/tbody>\n<\/table>\n","protected":false},"excerpt":{"rendered":"<p>softshell, jope, jakk, sviiter, kapuuts, kapuutsiga sviiter, dressipluus, naiste riided, spordipusa, jooksu pusa, running sweater, running, jooksmine, sportimine, sweatshirt, treening, treeningpusa<\/p>\n","protected":false},"featured_media":18416,"template":"","meta":{"_gspb_post_css":""},"product_brand":[],"product_cat":[29],"product_tag":[],"class_list":{"0":"post-34612","1":"product","2":"type-product","3":"status-publish","4":"has-post-thumbnail","6":"product_cat-joped-jakid-parkad","7":"pa_varv-punane","8":"pa_varv-sinine","10":"first","11":"instock","12":"sale","13":"shipping-taxable","14":"purchasable","15":"product-type-variable"},"_links":{"self":[{"href":"https:\/\/mmyts.wordpresskodulehed.ee\/en\/wp-json\/wp\/v2\/product\/34612","targetHints":{"allow":["GET"]}}],"collection":[{"href":"https:\/\/mmyts.wordpresskodulehed.ee\/en\/wp-json\/wp\/v2\/product"}],"about":[{"href":"https:\/\/mmyts.wordpresskodulehed.ee\/en\/wp-json\/wp\/v2\/types\/product"}],"wp:featuredmedia":[{"embeddable":true,"href":"https:\/\/mmyts.wordpresskodulehed.ee\/en\/wp-json\/wp\/v2\/media\/18416"}],"wp:attachment":[{"href":"https:\/\/mmyts.wordpresskodulehed.ee\/en\/wp-json\/wp\/v2\/media?parent=34612"}],"wp:term":[{"taxonomy":"product_brand","embeddable":true,"href":"https:\/\/mmyts.wordpresskodulehed.ee\/en\/wp-json\/wp\/v2\/product_brand?post=34612"},{"taxonomy":"product_cat","embeddable":true,"href":"https:\/\/mmyts.wordpresskodulehed.ee\/en\/wp-json\/wp\/v2\/product_cat?post=34612"},{"taxonomy":"product_tag","embeddable":true,"href":"https:\/\/mmyts.wordpresskodulehed.ee\/en\/wp-json\/wp\/v2\/product_tag?post=34612"}],"curies":[{"name":"wp","href":"https:\/\/api.w.org\/{rel}","templated":true}]}}