{"id":34738,"date":"2026-05-05T17:45:04","date_gmt":"2026-05-05T17:45:04","guid":{"rendered":"https:\/\/mmyts.wordpresskodulehed.ee\/toode\/summer-pork-pie\/"},"modified":"2026-05-05T17:45:04","modified_gmt":"2026-05-05T17:45:04","slug":"summer-pork-pie","status":"publish","type":"product","link":"https:\/\/mmyts.wordpresskodulehed.ee\/en\/toode\/summer-pork-pie\/","title":{"rendered":"Summer Pork Pie"},"content":{"rendered":"<p>Summer Pork PIe<\/p>\n<p>Sobib suurusele 59-60 cm<\/p>\n","protected":false},"excerpt":{"rendered":"<p>suvine k\u00f5vak\u00fcbar, summer hat,suvekaabu, kaabu, summer hat, hat, m\u00fcts, p\u00e4ikesevari, naiste kaabu, \u00f5lgkaabu, naiste kaabu, suvine m\u00fcts, kaabu, peakate, m\u00fcts.<\/p>\n","protected":false},"featured_media":18465,"template":"","meta":{"_gspb_post_css":""},"product_brand":[],"product_cat":[257],"product_tag":[],"class_list":{"0":"post-34738","1":"product","2":"type-product","3":"status-publish","4":"has-post-thumbnail","6":"product_cat-straw-hats","8":"first","9":"instock","10":"shipping-taxable","11":"purchasable","12":"product-type-variable"},"_links":{"self":[{"href":"https:\/\/mmyts.wordpresskodulehed.ee\/en\/wp-json\/wp\/v2\/product\/34738","targetHints":{"allow":["GET"]}}],"collection":[{"href":"https:\/\/mmyts.wordpresskodulehed.ee\/en\/wp-json\/wp\/v2\/product"}],"about":[{"href":"https:\/\/mmyts.wordpresskodulehed.ee\/en\/wp-json\/wp\/v2\/types\/product"}],"wp:featuredmedia":[{"embeddable":true,"href":"https:\/\/mmyts.wordpresskodulehed.ee\/en\/wp-json\/wp\/v2\/media\/18465"}],"wp:attachment":[{"href":"https:\/\/mmyts.wordpresskodulehed.ee\/en\/wp-json\/wp\/v2\/media?parent=34738"}],"wp:term":[{"taxonomy":"product_brand","embeddable":true,"href":"https:\/\/mmyts.wordpresskodulehed.ee\/en\/wp-json\/wp\/v2\/product_brand?post=34738"},{"taxonomy":"product_cat","embeddable":true,"href":"https:\/\/mmyts.wordpresskodulehed.ee\/en\/wp-json\/wp\/v2\/product_cat?post=34738"},{"taxonomy":"product_tag","embeddable":true,"href":"https:\/\/mmyts.wordpresskodulehed.ee\/en\/wp-json\/wp\/v2\/product_tag?post=34738"}],"curies":[{"name":"wp","href":"https:\/\/api.w.org\/{rel}","templated":true}]}}