{"id":34760,"date":"2026-05-05T15:50:21","date_gmt":"2026-05-05T12:50:21","guid":{"rendered":"https:\/\/mmyts.wordpresskodulehed.ee\/toode\/ladies-softshell-jacket\/"},"modified":"2026-05-07T16:28:37","modified_gmt":"2026-05-07T13:28:37","slug":"ladies-softshell-jacket-2","status":"publish","type":"product","link":"https:\/\/mmyts.wordpresskodulehed.ee\/en\/toode\/ladies-softshell-jacket-2\/","title":{"rendered":"Ladies softshell jacket"},"content":{"rendered":"<p>Light softshell jacket with a hood adjustable by elastic drawstring. Rain and wind resistant, permeable. Accentuated cut emphasizing the woman\u2019s figure. Full length zip-up. Velcro-flaps at sleeve cuffs . 2 front pockets. Quter breast pocket sewn into the seam structuring. Reflective elements on the sleeves and hood.<\/p>\n<p>Colour: Light blue<\/p>\n<table border=\"1\" cellpadding=\"1\" cellspacing=\"1\" style=\"font-size: 13px;width: 500px\">\n<tbody>\n<tr>\n<td>&nbsp;Sizes<\/td>\n<td>&nbsp;S<\/td>\n<td>&nbsp;M<\/td>\n<td>&nbsp;L<\/td>\n<td>&nbsp;XL<\/td>\n<td>&nbsp;XXL<\/td>\n<\/tr>\n<tr>\n<td>&nbsp;Length cm<\/td>\n<td>&nbsp;63<\/td>\n<td>&nbsp;64<\/td>\n<td>&nbsp;67<\/td>\n<td>&nbsp;70<\/td>\n<td>&nbsp;72<\/td>\n<\/tr>\n<tr>\n<td>&nbsp;1\/2 chest cm<\/td>\n<td>&nbsp;52<\/td>\n<td>&nbsp;56<\/td>\n<td>&nbsp;60<\/td>\n<td>&nbsp;66<\/td>\n<td>&nbsp;72<\/td>\n<\/tr>\n<tr>\n<td>&nbsp;Sleeve length cm<\/td>\n<td>&nbsp;71<\/td>\n<td>&nbsp;72<\/td>\n<td>&nbsp;74,5<\/td>\n<td>&nbsp;76<\/td>\n<td>&nbsp;77,5<\/td>\n<\/tr>\n<\/tbody>\n<\/table>\n","protected":false},"excerpt":{"rendered":"<p>Softshell Jacket Gents, jope, meeste jope, talvejope, parka , vest,jope , s\u00fcgisjope, meeste jope, soe jope, vihmajope, jakk, s\u00fcgisriided, meeste riided, riided, r\u00f5ivad, meeste r\u00f5ivad, vihmamantel, vihmajope, sulejope, jopede m\u00fc\u00fck, s\u00fcgis, talvejope.<\/p>\n","protected":false},"featured_media":16102,"template":"","meta":{"_gspb_post_css":""},"product_brand":[],"product_cat":[29],"product_tag":[],"class_list":{"0":"post-34760","1":"product","2":"type-product","3":"status-publish","4":"has-post-thumbnail","6":"product_cat-joped-jakid-parkad","7":"pa_varv-helesinine","8":"pa_varv-must","9":"pa_varv-punane","10":"pa_varv-roheline","11":"pa_varv-tumesinine","13":"first","14":"instock","15":"sale","16":"shipping-taxable","17":"purchasable","18":"product-type-variable"},"_links":{"self":[{"href":"https:\/\/mmyts.wordpresskodulehed.ee\/en\/wp-json\/wp\/v2\/product\/34760","targetHints":{"allow":["GET"]}}],"collection":[{"href":"https:\/\/mmyts.wordpresskodulehed.ee\/en\/wp-json\/wp\/v2\/product"}],"about":[{"href":"https:\/\/mmyts.wordpresskodulehed.ee\/en\/wp-json\/wp\/v2\/types\/product"}],"wp:featuredmedia":[{"embeddable":true,"href":"https:\/\/mmyts.wordpresskodulehed.ee\/en\/wp-json\/wp\/v2\/media\/16102"}],"wp:attachment":[{"href":"https:\/\/mmyts.wordpresskodulehed.ee\/en\/wp-json\/wp\/v2\/media?parent=34760"}],"wp:term":[{"taxonomy":"product_brand","embeddable":true,"href":"https:\/\/mmyts.wordpresskodulehed.ee\/en\/wp-json\/wp\/v2\/product_brand?post=34760"},{"taxonomy":"product_cat","embeddable":true,"href":"https:\/\/mmyts.wordpresskodulehed.ee\/en\/wp-json\/wp\/v2\/product_cat?post=34760"},{"taxonomy":"product_tag","embeddable":true,"href":"https:\/\/mmyts.wordpresskodulehed.ee\/en\/wp-json\/wp\/v2\/product_tag?post=34760"}],"curies":[{"name":"wp","href":"https:\/\/api.w.org\/{rel}","templated":true}]}}