{"id":34771,"date":"2026-05-05T15:50:23","date_gmt":"2026-05-05T12:50:23","guid":{"rendered":"https:\/\/mmyts.wordpresskodulehed.ee\/toode\/ladies-polo-dress\/"},"modified":"2026-05-07T16:29:20","modified_gmt":"2026-05-07T13:29:20","slug":"ladies-polo-dress-2","status":"publish","type":"product","link":"https:\/\/mmyts.wordpresskodulehed.ee\/en\/toode\/ladies-polo-dress-2\/","title":{"rendered":"Ladies polo &#8211; dress"},"content":{"rendered":"<ul>\n<li>stylish and durable polo , dress for ladies<\/li>\n<li>cut with side seams<\/li>\n<li>1:1 rib knit collar and leeve hems<\/li>\n<li>placket with 4 buttons in the shell fabric colour<\/li>\n<li>inner neckline with a shell fabric tape<\/li>\n<li>quality material \u2013 215&nbsp;g\/m2<\/li>\n<li>100 % cotton<\/li>\n<li>fixing shoulder seams<\/li>\n<li>washable at 40\u00b0 C<\/li>\n<li>colour: white<\/li>\n<\/ul>\n<table border=\"1\" cellpadding=\"1\" cellspacing=\"1\" style=\"font-size: 13px;width: 700px\">\n<tbody>\n<tr>\n<td><strong>&nbsp;Size<\/strong><\/td>\n<td><strong>&nbsp;XS<\/strong><\/td>\n<td><strong>&nbsp;S<\/strong><\/td>\n<td><strong>&nbsp;M<\/strong><\/td>\n<td><strong>&nbsp;L<\/strong><\/td>\n<td><strong>&nbsp;XL<\/strong><\/td>\n<td><strong>&nbsp;XXL<\/strong><\/td>\n<\/tr>\n<tr>\n<td>&nbsp;Length cm<\/td>\n<td>&nbsp;89<\/td>\n<td>&nbsp;92<\/td>\n<td>&nbsp;95<\/td>\n<td>&nbsp;99<\/td>\n<td>&nbsp;102<\/td>\n<td>&nbsp;103<\/td>\n<\/tr>\n<tr>\n<td>&nbsp;1\/2 chest cm<\/td>\n<td>&nbsp;39<\/td>\n<td>&nbsp;42<\/td>\n<td>&nbsp;46<\/td>\n<td>&nbsp;50<\/td>\n<td>&nbsp;55<\/td>\n<td>&nbsp;61<\/td>\n<\/tr>\n<tr>\n<td>&nbsp;Sleeve length cm<\/td>\n<td>&nbsp;15,5<\/td>\n<td>&nbsp;16<\/td>\n<td>&nbsp;16,5<\/td>\n<td>&nbsp;17<\/td>\n<td>&nbsp;17,5<\/td>\n<td>&nbsp;18<\/td>\n<\/tr>\n<\/tbody>\n<\/table>\n","protected":false},"excerpt":{"rendered":"<p>polos\u00e4rk, suves\u00e4rk, suvine s\u00e4rk, meeste s\u00e4rk, polo, poloshirt, shirt, kraega s\u00e4rk, krae, varrukatega s\u00e4rk, shirt with collar<\/p>\n","protected":false},"featured_media":17399,"template":"","meta":{"_gspb_post_css":""},"product_brand":[],"product_cat":[42,74],"product_tag":[],"class_list":{"0":"post-34771","1":"product","2":"type-product","3":"status-publish","4":"has-post-thumbnail","6":"product_cat-kleidid-ja-seelikud","7":"product_cat-polosargid-naistele","8":"pa_varv-must","9":"pa_varv-punane","10":"pa_varv-sinine","11":"pa_varv-valge","13":"first","14":"instock","15":"sale","16":"shipping-taxable","17":"purchasable","18":"product-type-variable"},"_links":{"self":[{"href":"https:\/\/mmyts.wordpresskodulehed.ee\/en\/wp-json\/wp\/v2\/product\/34771","targetHints":{"allow":["GET"]}}],"collection":[{"href":"https:\/\/mmyts.wordpresskodulehed.ee\/en\/wp-json\/wp\/v2\/product"}],"about":[{"href":"https:\/\/mmyts.wordpresskodulehed.ee\/en\/wp-json\/wp\/v2\/types\/product"}],"wp:featuredmedia":[{"embeddable":true,"href":"https:\/\/mmyts.wordpresskodulehed.ee\/en\/wp-json\/wp\/v2\/media\/17399"}],"wp:attachment":[{"href":"https:\/\/mmyts.wordpresskodulehed.ee\/en\/wp-json\/wp\/v2\/media?parent=34771"}],"wp:term":[{"taxonomy":"product_brand","embeddable":true,"href":"https:\/\/mmyts.wordpresskodulehed.ee\/en\/wp-json\/wp\/v2\/product_brand?post=34771"},{"taxonomy":"product_cat","embeddable":true,"href":"https:\/\/mmyts.wordpresskodulehed.ee\/en\/wp-json\/wp\/v2\/product_cat?post=34771"},{"taxonomy":"product_tag","embeddable":true,"href":"https:\/\/mmyts.wordpresskodulehed.ee\/en\/wp-json\/wp\/v2\/product_tag?post=34771"}],"curies":[{"name":"wp","href":"https:\/\/api.w.org\/{rel}","templated":true}]}}