{"id":34962,"date":"2026-05-05T15:51:05","date_gmt":"2026-05-05T12:51:05","guid":{"rendered":"https:\/\/mmyts.wordpresskodulehed.ee\/toode\/knitted-baseball-hat\/"},"modified":"2026-05-07T16:28:42","modified_gmt":"2026-05-07T13:28:42","slug":"knitted-baseball-hat-2","status":"publish","type":"product","link":"https:\/\/mmyts.wordpresskodulehed.ee\/en\/toode\/knitted-baseball-hat-2\/","title":{"rendered":"Knitted Baseball hat"},"content":{"rendered":"<p><span class=\"base\" data-ui-id=\"page-title-wrapper\">Knitted Peaked Beanie Hat<\/span><\/p>\n<p><span class=\"base\" data-ui-id=\"page-title-wrapper\">One size<\/span><\/p>\n","protected":false},"excerpt":{"rendered":"<p>nokam\u00fcts, pesapallim\u00fcts, cap, baseball hat, summer hat, hat peakate, nokats, suvem\u00fcts, laste m\u00fcts, naiste m\u00fcts, nokaga m\u00fcts, sun hat, summer, rullnoka m\u00fcts, meeste m\u00fcts, suvi, summer<\/p>\n","protected":false},"featured_media":18557,"template":"","meta":{"_gspb_post_css":""},"product_brand":[],"product_cat":[27,25],"product_tag":[],"class_list":{"0":"post-34962","1":"product","2":"type-product","3":"status-publish","4":"has-post-thumbnail","6":"product_cat-nokamutsid","7":"product_cat-talvemutsid","8":"pa_varv-beez","9":"pa_varv-pruun","10":"pa_varv-tumesinine","11":"pa_varv-valge","13":"first","14":"instock","15":"shipping-taxable","16":"product-type-variable"},"_links":{"self":[{"href":"https:\/\/mmyts.wordpresskodulehed.ee\/en\/wp-json\/wp\/v2\/product\/34962","targetHints":{"allow":["GET"]}}],"collection":[{"href":"https:\/\/mmyts.wordpresskodulehed.ee\/en\/wp-json\/wp\/v2\/product"}],"about":[{"href":"https:\/\/mmyts.wordpresskodulehed.ee\/en\/wp-json\/wp\/v2\/types\/product"}],"wp:featuredmedia":[{"embeddable":true,"href":"https:\/\/mmyts.wordpresskodulehed.ee\/en\/wp-json\/wp\/v2\/media\/18557"}],"wp:attachment":[{"href":"https:\/\/mmyts.wordpresskodulehed.ee\/en\/wp-json\/wp\/v2\/media?parent=34962"}],"wp:term":[{"taxonomy":"product_brand","embeddable":true,"href":"https:\/\/mmyts.wordpresskodulehed.ee\/en\/wp-json\/wp\/v2\/product_brand?post=34962"},{"taxonomy":"product_cat","embeddable":true,"href":"https:\/\/mmyts.wordpresskodulehed.ee\/en\/wp-json\/wp\/v2\/product_cat?post=34962"},{"taxonomy":"product_tag","embeddable":true,"href":"https:\/\/mmyts.wordpresskodulehed.ee\/en\/wp-json\/wp\/v2\/product_tag?post=34962"}],"curies":[{"name":"wp","href":"https:\/\/api.w.org\/{rel}","templated":true}]}}