{"id":35012,"date":"2026-05-05T15:51:14","date_gmt":"2026-05-05T12:51:14","guid":{"rendered":"https:\/\/mmyts.wordpresskodulehed.ee\/toode\/denim-military-style-cap\/"},"modified":"2026-05-07T16:29:38","modified_gmt":"2026-05-07T13:29:38","slug":"denim-military-style-cap-2","status":"publish","type":"product","link":"https:\/\/mmyts.wordpresskodulehed.ee\/en\/toode\/denim-military-style-cap-2\/","title":{"rendered":"Denim military style cap"},"content":{"rendered":"<p>Denim Military Army Cap<br \/>\nAdjustable size<br \/>\nBoth for men and women<\/p>\n","protected":false},"excerpt":{"rendered":"<p>Nokam\u00fcts, m\u00fcts, s\u00f5jav\u00e4e m\u00fcts, s\u00f5jav\u00e4e stiilis m\u00fcts, army cap, teksariidest m\u00fcts, denim military cap, military hat<\/p>\n","protected":false},"featured_media":18597,"template":"","meta":{"_gspb_post_css":""},"product_brand":[],"product_cat":[41,27],"product_tag":[],"class_list":{"0":"post-35012","1":"product","2":"type-product","3":"status-publish","4":"has-post-thumbnail","6":"product_cat-nokaga-mutsid-naistele","7":"product_cat-nokamutsid","8":"pa_varv-must","9":"pa_varv-sinine","11":"first","12":"instock","13":"shipping-taxable","14":"product-type-variable"},"_links":{"self":[{"href":"https:\/\/mmyts.wordpresskodulehed.ee\/en\/wp-json\/wp\/v2\/product\/35012","targetHints":{"allow":["GET"]}}],"collection":[{"href":"https:\/\/mmyts.wordpresskodulehed.ee\/en\/wp-json\/wp\/v2\/product"}],"about":[{"href":"https:\/\/mmyts.wordpresskodulehed.ee\/en\/wp-json\/wp\/v2\/types\/product"}],"wp:featuredmedia":[{"embeddable":true,"href":"https:\/\/mmyts.wordpresskodulehed.ee\/en\/wp-json\/wp\/v2\/media\/18597"}],"wp:attachment":[{"href":"https:\/\/mmyts.wordpresskodulehed.ee\/en\/wp-json\/wp\/v2\/media?parent=35012"}],"wp:term":[{"taxonomy":"product_brand","embeddable":true,"href":"https:\/\/mmyts.wordpresskodulehed.ee\/en\/wp-json\/wp\/v2\/product_brand?post=35012"},{"taxonomy":"product_cat","embeddable":true,"href":"https:\/\/mmyts.wordpresskodulehed.ee\/en\/wp-json\/wp\/v2\/product_cat?post=35012"},{"taxonomy":"product_tag","embeddable":true,"href":"https:\/\/mmyts.wordpresskodulehed.ee\/en\/wp-json\/wp\/v2\/product_tag?post=35012"}],"curies":[{"name":"wp","href":"https:\/\/api.w.org\/{rel}","templated":true}]}}