{"id":35027,"date":"2026-05-05T15:51:17","date_gmt":"2026-05-05T12:51:17","guid":{"rendered":"https:\/\/mmyts.wordpresskodulehed.ee\/toode\/summer-hat-for-women\/"},"modified":"2026-05-07T16:29:39","modified_gmt":"2026-05-07T13:29:39","slug":"summer-hat-for-women-2","status":"publish","type":"product","link":"https:\/\/mmyts.wordpresskodulehed.ee\/en\/toode\/summer-hat-for-women-2\/","title":{"rendered":"Summer hat for women"},"content":{"rendered":"<p>Stylish summer hat.<\/p>\n<p><span style=\"font-family: Arial, sans-serif;font-size: 12px\">Adjustable&nbsp;<\/span><\/p>\n","protected":false},"excerpt":{"rendered":"<p>summer hat, sun hat, wide brim hat, mmyts, hat,Suvek\u00fcbar, suvine k\u00fcbar, naiste k\u00fcbar, laia \u00e4\u00e4rega k\u00fcbar, \u00f5lgk\u00fcbar, summer hat, womens hat, hat, wide brim hat <\/p>\n","protected":false},"featured_media":18606,"template":"","meta":{"_gspb_post_css":""},"product_brand":[],"product_cat":[24],"product_tag":[],"class_list":{"0":"post-35027","1":"product","2":"type-product","3":"status-publish","4":"has-post-thumbnail","6":"product_cat-kubarad","7":"pa_varv-beez","8":"pa_varv-must","10":"first","11":"instock","12":"shipping-taxable","13":"product-type-variable"},"_links":{"self":[{"href":"https:\/\/mmyts.wordpresskodulehed.ee\/en\/wp-json\/wp\/v2\/product\/35027","targetHints":{"allow":["GET"]}}],"collection":[{"href":"https:\/\/mmyts.wordpresskodulehed.ee\/en\/wp-json\/wp\/v2\/product"}],"about":[{"href":"https:\/\/mmyts.wordpresskodulehed.ee\/en\/wp-json\/wp\/v2\/types\/product"}],"wp:featuredmedia":[{"embeddable":true,"href":"https:\/\/mmyts.wordpresskodulehed.ee\/en\/wp-json\/wp\/v2\/media\/18606"}],"wp:attachment":[{"href":"https:\/\/mmyts.wordpresskodulehed.ee\/en\/wp-json\/wp\/v2\/media?parent=35027"}],"wp:term":[{"taxonomy":"product_brand","embeddable":true,"href":"https:\/\/mmyts.wordpresskodulehed.ee\/en\/wp-json\/wp\/v2\/product_brand?post=35027"},{"taxonomy":"product_cat","embeddable":true,"href":"https:\/\/mmyts.wordpresskodulehed.ee\/en\/wp-json\/wp\/v2\/product_cat?post=35027"},{"taxonomy":"product_tag","embeddable":true,"href":"https:\/\/mmyts.wordpresskodulehed.ee\/en\/wp-json\/wp\/v2\/product_tag?post=35027"}],"curies":[{"name":"wp","href":"https:\/\/api.w.org\/{rel}","templated":true}]}}