{"id":35034,"date":"2026-05-05T17:46:11","date_gmt":"2026-05-05T17:46:11","guid":{"rendered":"https:\/\/mmyts.wordpresskodulehed.ee\/toode\/fancy-black-tropper-hat\/"},"modified":"2026-05-05T17:46:11","modified_gmt":"2026-05-05T17:46:11","slug":"fancy-black-tropper-hat","status":"publish","type":"product","link":"https:\/\/mmyts.wordpresskodulehed.ee\/en\/toode\/fancy-black-tropper-hat\/","title":{"rendered":"Fancy Black Tropper Hat"},"content":{"rendered":"<p><span class=\"base\" data-ui-id=\"page-title-wrapper\">Fancy Black Tropper Hat<\/span><\/p>\n<p><span class=\"base\" data-ui-id=\"page-title-wrapper\">Material: PVC<\/span><\/p>\n<p><span class=\"base\" data-ui-id=\"page-title-wrapper\">One size<\/span><\/p>\n","protected":false},"excerpt":{"rendered":"<p>talvem\u00fcts, talvem\u00fctsid, soe talvem\u00fcts,<br \/>\nsoe m\u00fcts, m\u00fcts,  mmyts, winter hat, hat, peakate, peakatted, soojad m\u00fctsid, meeste m\u00fctsid, naiste m\u00fctsid, laste m\u00fctsid, kaabud, talveriided, kindad, sonid, k\u00fcbarad, beanied, tutim\u00fcts, tutim\u00fctsid, pompom hat, beanie,<\/p>\n","protected":false},"featured_media":18611,"template":"","meta":{"_gspb_post_css":""},"product_brand":[],"product_cat":[280],"product_tag":[],"class_list":{"0":"post-35034","1":"product","2":"type-product","3":"status-publish","4":"has-post-thumbnail","6":"product_cat-top-hats","8":"first","9":"instock","10":"shipping-taxable","11":"purchasable","12":"product-type-simple"},"_links":{"self":[{"href":"https:\/\/mmyts.wordpresskodulehed.ee\/en\/wp-json\/wp\/v2\/product\/35034","targetHints":{"allow":["GET"]}}],"collection":[{"href":"https:\/\/mmyts.wordpresskodulehed.ee\/en\/wp-json\/wp\/v2\/product"}],"about":[{"href":"https:\/\/mmyts.wordpresskodulehed.ee\/en\/wp-json\/wp\/v2\/types\/product"}],"wp:featuredmedia":[{"embeddable":true,"href":"https:\/\/mmyts.wordpresskodulehed.ee\/en\/wp-json\/wp\/v2\/media\/18611"}],"wp:attachment":[{"href":"https:\/\/mmyts.wordpresskodulehed.ee\/en\/wp-json\/wp\/v2\/media?parent=35034"}],"wp:term":[{"taxonomy":"product_brand","embeddable":true,"href":"https:\/\/mmyts.wordpresskodulehed.ee\/en\/wp-json\/wp\/v2\/product_brand?post=35034"},{"taxonomy":"product_cat","embeddable":true,"href":"https:\/\/mmyts.wordpresskodulehed.ee\/en\/wp-json\/wp\/v2\/product_cat?post=35034"},{"taxonomy":"product_tag","embeddable":true,"href":"https:\/\/mmyts.wordpresskodulehed.ee\/en\/wp-json\/wp\/v2\/product_tag?post=35034"}],"curies":[{"name":"wp","href":"https:\/\/api.w.org\/{rel}","templated":true}]}}