{"id":35075,"date":"2026-05-05T17:46:21","date_gmt":"2026-05-05T17:46:21","guid":{"rendered":"https:\/\/mmyts.wordpresskodulehed.ee\/toode\/pan-african-small-or-large-knitted-rasta-hat\/"},"modified":"2026-05-05T17:46:21","modified_gmt":"2026-05-05T17:46:21","slug":"pan-african-small-or-large-knitted-rasta-hat","status":"publish","type":"product","link":"https:\/\/mmyts.wordpresskodulehed.ee\/en\/toode\/pan-african-small-or-large-knitted-rasta-hat\/","title":{"rendered":"Pan African Small Or Large Knitted Rasta Hat"},"content":{"rendered":"<p><span class=\"base\" data-ui-id=\"page-title-wrapper\">Pan African Small Or Large Knitted Rasta Hat<\/span><\/p>\n","protected":false},"excerpt":{"rendered":"<p>talvem\u00fcts, talvem\u00fctsid, soe talvem\u00fcts,<br \/>\nsoe m\u00fcts, m\u00fcts , tutim\u00fcts, tutim\u00fctsid, eesti disain, surfim\u00fcts, k\u00e4sit\u00f6\u00f6, heegeldatud m\u00fcts, kootud m\u00fcts, eesti, eesti k\u00e4sit\u00f6\u00f6, k\u00e4sit\u00f6\u00f6 m\u00fcts, unikaalne<\/p>\n","protected":false},"featured_media":18640,"template":"","meta":{"_gspb_post_css":""},"product_brand":[],"product_cat":[222],"product_tag":[],"class_list":{"0":"post-35075","1":"product","2":"type-product","3":"status-publish","4":"has-post-thumbnail","6":"product_cat-berets","8":"first","9":"instock","10":"shipping-taxable","11":"purchasable","12":"product-type-simple"},"_links":{"self":[{"href":"https:\/\/mmyts.wordpresskodulehed.ee\/en\/wp-json\/wp\/v2\/product\/35075","targetHints":{"allow":["GET"]}}],"collection":[{"href":"https:\/\/mmyts.wordpresskodulehed.ee\/en\/wp-json\/wp\/v2\/product"}],"about":[{"href":"https:\/\/mmyts.wordpresskodulehed.ee\/en\/wp-json\/wp\/v2\/types\/product"}],"wp:featuredmedia":[{"embeddable":true,"href":"https:\/\/mmyts.wordpresskodulehed.ee\/en\/wp-json\/wp\/v2\/media\/18640"}],"wp:attachment":[{"href":"https:\/\/mmyts.wordpresskodulehed.ee\/en\/wp-json\/wp\/v2\/media?parent=35075"}],"wp:term":[{"taxonomy":"product_brand","embeddable":true,"href":"https:\/\/mmyts.wordpresskodulehed.ee\/en\/wp-json\/wp\/v2\/product_brand?post=35075"},{"taxonomy":"product_cat","embeddable":true,"href":"https:\/\/mmyts.wordpresskodulehed.ee\/en\/wp-json\/wp\/v2\/product_cat?post=35075"},{"taxonomy":"product_tag","embeddable":true,"href":"https:\/\/mmyts.wordpresskodulehed.ee\/en\/wp-json\/wp\/v2\/product_tag?post=35075"}],"curies":[{"name":"wp","href":"https:\/\/api.w.org\/{rel}","templated":true}]}}