{"id":35076,"date":"2026-05-05T17:46:21","date_gmt":"2026-05-05T17:46:21","guid":{"rendered":"https:\/\/mmyts.wordpresskodulehed.ee\/toode\/denim-boonie-bucket-sun-hat-packable\/"},"modified":"2026-05-05T17:46:21","modified_gmt":"2026-05-05T17:46:21","slug":"denim-boonie-bucket-sun-hat-packable","status":"publish","type":"product","link":"https:\/\/mmyts.wordpresskodulehed.ee\/en\/toode\/denim-boonie-bucket-sun-hat-packable\/","title":{"rendered":"Denim Boonie Bucket Sun Hat &#8211; Packable"},"content":{"rendered":"<p><span class=\"base\" data-ui-id=\"page-title-wrapper\">Denim Boonie Bucket Sun Hat &#8211; Packable<\/span><\/p>\n","protected":false},"excerpt":{"rendered":"<p>talvem\u00fcts, talvem\u00fctsid, soe talvem\u00fcts,<br \/>\nsoe m\u00fcts, m\u00fcts,  mmyts, winter hat, hat, peakate, peakatted, soojad m\u00fctsid, meeste m\u00fctsid, naiste m\u00fctsid, laste m\u00fctsid, kaabud, talveriided, kindad, sonid, k\u00fcbarad, beanied, tutim\u00fcts, tutim\u00fctsid, pompom hat, beanie,<\/p>\n","protected":false},"featured_media":18641,"template":"","meta":{"_gspb_post_css":""},"product_brand":[],"product_cat":[230,286,288],"product_tag":[],"class_list":{"0":"post-35076","1":"product","2":"type-product","3":"status-publish","4":"has-post-thumbnail","6":"product_cat-hats","7":"product_cat-new-collection","8":"product_cat-rain-hats","10":"first","11":"instock","12":"shipping-taxable","13":"purchasable","14":"product-type-simple"},"_links":{"self":[{"href":"https:\/\/mmyts.wordpresskodulehed.ee\/en\/wp-json\/wp\/v2\/product\/35076","targetHints":{"allow":["GET"]}}],"collection":[{"href":"https:\/\/mmyts.wordpresskodulehed.ee\/en\/wp-json\/wp\/v2\/product"}],"about":[{"href":"https:\/\/mmyts.wordpresskodulehed.ee\/en\/wp-json\/wp\/v2\/types\/product"}],"wp:featuredmedia":[{"embeddable":true,"href":"https:\/\/mmyts.wordpresskodulehed.ee\/en\/wp-json\/wp\/v2\/media\/18641"}],"wp:attachment":[{"href":"https:\/\/mmyts.wordpresskodulehed.ee\/en\/wp-json\/wp\/v2\/media?parent=35076"}],"wp:term":[{"taxonomy":"product_brand","embeddable":true,"href":"https:\/\/mmyts.wordpresskodulehed.ee\/en\/wp-json\/wp\/v2\/product_brand?post=35076"},{"taxonomy":"product_cat","embeddable":true,"href":"https:\/\/mmyts.wordpresskodulehed.ee\/en\/wp-json\/wp\/v2\/product_cat?post=35076"},{"taxonomy":"product_tag","embeddable":true,"href":"https:\/\/mmyts.wordpresskodulehed.ee\/en\/wp-json\/wp\/v2\/product_tag?post=35076"}],"curies":[{"name":"wp","href":"https:\/\/api.w.org\/{rel}","templated":true}]}}