{"id":35084,"date":"2026-05-05T15:51:31","date_gmt":"2026-05-05T12:51:31","guid":{"rendered":"https:\/\/mmyts.wordpresskodulehed.ee\/toode\/summer-cowboy-hat\/"},"modified":"2026-05-07T16:29:21","modified_gmt":"2026-05-07T13:29:21","slug":"summer-cowboy-hat-2","status":"publish","type":"product","link":"https:\/\/mmyts.wordpresskodulehed.ee\/en\/toode\/summer-cowboy-hat-2\/","title":{"rendered":"Summer Cowboy hat"},"content":{"rendered":"<p>Stylish summer cowboy hat<\/p>\n<p>One size<\/p>\n","protected":false},"excerpt":{"rendered":"<p>cowboy hat, kauboi hat, karnevalim\u00fcts, peom\u00fcts, party hat, hats, summer hat, meeste m\u00fcts, mens hat, summer hat, karneval, peakate, peakatted, cowboy, kauboi<\/p>\n","protected":false},"featured_media":18646,"template":"","meta":{"_gspb_post_css":""},"product_brand":[],"product_cat":[40,39],"product_tag":[],"class_list":{"0":"post-35084","1":"product","2":"type-product","3":"status-publish","4":"has-post-thumbnail","6":"product_cat-kauboikaabud","7":"product_cat-olgkaabud","8":"pa_varv-beez","9":"pa_varv-helepruun","10":"pa_varv-must","11":"pa_varv-roheline","13":"first","14":"instock","15":"shipping-taxable","16":"product-type-variable"},"_links":{"self":[{"href":"https:\/\/mmyts.wordpresskodulehed.ee\/en\/wp-json\/wp\/v2\/product\/35084","targetHints":{"allow":["GET"]}}],"collection":[{"href":"https:\/\/mmyts.wordpresskodulehed.ee\/en\/wp-json\/wp\/v2\/product"}],"about":[{"href":"https:\/\/mmyts.wordpresskodulehed.ee\/en\/wp-json\/wp\/v2\/types\/product"}],"wp:featuredmedia":[{"embeddable":true,"href":"https:\/\/mmyts.wordpresskodulehed.ee\/en\/wp-json\/wp\/v2\/media\/18646"}],"wp:attachment":[{"href":"https:\/\/mmyts.wordpresskodulehed.ee\/en\/wp-json\/wp\/v2\/media?parent=35084"}],"wp:term":[{"taxonomy":"product_brand","embeddable":true,"href":"https:\/\/mmyts.wordpresskodulehed.ee\/en\/wp-json\/wp\/v2\/product_brand?post=35084"},{"taxonomy":"product_cat","embeddable":true,"href":"https:\/\/mmyts.wordpresskodulehed.ee\/en\/wp-json\/wp\/v2\/product_cat?post=35084"},{"taxonomy":"product_tag","embeddable":true,"href":"https:\/\/mmyts.wordpresskodulehed.ee\/en\/wp-json\/wp\/v2\/product_tag?post=35084"}],"curies":[{"name":"wp","href":"https:\/\/api.w.org\/{rel}","templated":true}]}}