{"id":35396,"date":"2026-05-05T15:52:06","date_gmt":"2026-05-05T12:52:06","guid":{"rendered":"https:\/\/mmyts.wordpresskodulehed.ee\/toode\/work-trousers\/"},"modified":"2026-05-07T16:29:37","modified_gmt":"2026-05-07T13:29:37","slug":"work-trousers-2","status":"publish","type":"product","link":"https:\/\/mmyts.wordpresskodulehed.ee\/en\/toode\/work-trousers-2\/","title":{"rendered":"Work trousers"},"content":{"rendered":"<p>&nbsp;<\/p>\n<ul style=\"list-style-type: none;padding-left: 20px;font-family: montserrat, Helvetica, Arial, sans-serif;font-size: 14px\">\n<li style=\"padding-bottom: 5px;padding-top: 5px\">waistband with elastic sides<\/li>\n<li style=\"padding-bottom: 5px;padding-top: 5px\">10 multifunctional pockets<\/li>\n<li style=\"padding-bottom: 5px;padding-top: 5px\">reinforced material in the knee part<\/li>\n<li style=\"padding-bottom: 5px;padding-top: 5px\">plastic D-ring and carabiner for keys and ID cards&nbsp;<\/li>\n<li style=\"padding-bottom: 5px;padding-top: 5px\">hammer loop<\/li>\n<li style=\"padding-bottom: 5px;padding-top: 5px\">double stitching for extra durability<\/li>\n<li style=\"padding-bottom: 5px;padding-top: 5px\">highly resistant fabric CORDURA\u00ae in 01 colour<\/li>\n<li style=\"padding-bottom: 5px;padding-top: 5px\">retroreflective elements<\/li>\n<li style=\"padding-bottom: 5px;padding-top: 5px\">65 % polyester<\/li>\n<li style=\"padding-bottom: 5px;padding-top: 5px\">35% cotton<\/li>\n<li style=\"padding-bottom: 5px;padding-top: 5px\">Washable 40 degrees Celsius<\/li>\n<\/ul>\n<p>Size 2XL Waist 102 cm, lenght 102 cm<\/p>\n","protected":false},"excerpt":{"rendered":"<p>T\u00f6\u00f6p\u00fcksid, tunked, t\u00f6\u00f6tunked, p\u00fcksid, shortsid, Workwear, overalls, woring trousers, trousers, jeans<\/p>\n","protected":false},"featured_media":18542,"template":"","meta":{"_gspb_post_css":""},"product_brand":[],"product_cat":[17,78],"product_tag":[],"class_list":{"0":"post-35396","1":"product","2":"type-product","3":"status-publish","4":"has-post-thumbnail","6":"product_cat-muud-tooted","7":"product_cat-toopuksid-ja-shortsid","8":"pa_varv-hall","9":"pa_varv-tumesinine","11":"first","12":"instock","13":"shipping-taxable","14":"purchasable","15":"product-type-variable"},"_links":{"self":[{"href":"https:\/\/mmyts.wordpresskodulehed.ee\/en\/wp-json\/wp\/v2\/product\/35396","targetHints":{"allow":["GET"]}}],"collection":[{"href":"https:\/\/mmyts.wordpresskodulehed.ee\/en\/wp-json\/wp\/v2\/product"}],"about":[{"href":"https:\/\/mmyts.wordpresskodulehed.ee\/en\/wp-json\/wp\/v2\/types\/product"}],"wp:featuredmedia":[{"embeddable":true,"href":"https:\/\/mmyts.wordpresskodulehed.ee\/en\/wp-json\/wp\/v2\/media\/18542"}],"wp:attachment":[{"href":"https:\/\/mmyts.wordpresskodulehed.ee\/en\/wp-json\/wp\/v2\/media?parent=35396"}],"wp:term":[{"taxonomy":"product_brand","embeddable":true,"href":"https:\/\/mmyts.wordpresskodulehed.ee\/en\/wp-json\/wp\/v2\/product_brand?post=35396"},{"taxonomy":"product_cat","embeddable":true,"href":"https:\/\/mmyts.wordpresskodulehed.ee\/en\/wp-json\/wp\/v2\/product_cat?post=35396"},{"taxonomy":"product_tag","embeddable":true,"href":"https:\/\/mmyts.wordpresskodulehed.ee\/en\/wp-json\/wp\/v2\/product_tag?post=35396"}],"curies":[{"name":"wp","href":"https:\/\/api.w.org\/{rel}","templated":true}]}}