{"id":36758,"date":"2026-05-05T17:48:18","date_gmt":"2026-05-05T17:48:18","guid":{"rendered":"https:\/\/mmyts.wordpresskodulehed.ee\/toode\/knee-pads-for-work-trousers-and-overalls\/"},"modified":"2026-05-05T17:48:18","modified_gmt":"2026-05-05T17:48:18","slug":"knee-pads-for-work-trousers-and-overalls","status":"publish","type":"product","link":"https:\/\/mmyts.wordpresskodulehed.ee\/en\/toode\/knee-pads-for-work-trousers-and-overalls\/","title":{"rendered":"Knee pads for work trousers and overalls"},"content":{"rendered":"<p>100 % polyethylene<br \/>\nlight, ergonimically shaped<br \/>\nusable into the knee pockets<br \/>\nsuitable for work when kneeling<br \/>\nanti-penetration protection<br \/>\n170 x 240 mm (can be lenghten)<br \/>\n1 pcs. = 1 pair<\/p>\n","protected":false},"excerpt":{"rendered":"<p>Knee pads for work trousers and overalls, p\u00f5lvekaitsmed, t\u00f6\u00f6riided, p\u00f5lvikud, kaitsevahendid, knee pads, p\u00f5lvitamine , <\/p>\n","protected":false},"featured_media":19241,"template":"","meta":{"_gspb_post_css":""},"product_brand":[],"product_cat":[221,278],"product_tag":[],"class_list":{"0":"post-36758","1":"product","2":"type-product","3":"status-publish","4":"has-post-thumbnail","6":"product_cat-accessories","7":"product_cat-trousers-and-shorts","9":"first","10":"instock","11":"shipping-taxable","12":"purchasable","13":"product-type-simple"},"_links":{"self":[{"href":"https:\/\/mmyts.wordpresskodulehed.ee\/en\/wp-json\/wp\/v2\/product\/36758","targetHints":{"allow":["GET"]}}],"collection":[{"href":"https:\/\/mmyts.wordpresskodulehed.ee\/en\/wp-json\/wp\/v2\/product"}],"about":[{"href":"https:\/\/mmyts.wordpresskodulehed.ee\/en\/wp-json\/wp\/v2\/types\/product"}],"wp:featuredmedia":[{"embeddable":true,"href":"https:\/\/mmyts.wordpresskodulehed.ee\/en\/wp-json\/wp\/v2\/media\/19241"}],"wp:attachment":[{"href":"https:\/\/mmyts.wordpresskodulehed.ee\/en\/wp-json\/wp\/v2\/media?parent=36758"}],"wp:term":[{"taxonomy":"product_brand","embeddable":true,"href":"https:\/\/mmyts.wordpresskodulehed.ee\/en\/wp-json\/wp\/v2\/product_brand?post=36758"},{"taxonomy":"product_cat","embeddable":true,"href":"https:\/\/mmyts.wordpresskodulehed.ee\/en\/wp-json\/wp\/v2\/product_cat?post=36758"},{"taxonomy":"product_tag","embeddable":true,"href":"https:\/\/mmyts.wordpresskodulehed.ee\/en\/wp-json\/wp\/v2\/product_tag?post=36758"}],"curies":[{"name":"wp","href":"https:\/\/api.w.org\/{rel}","templated":true}]}}