{"id":36966,"date":"2026-05-05T17:48:37","date_gmt":"2026-05-05T17:48:37","guid":{"rendered":"https:\/\/mmyts.wordpresskodulehed.ee\/toode\/genuine-rabbit-leather-sylish-beret\/"},"modified":"2026-05-05T17:48:37","modified_gmt":"2026-05-05T17:48:37","slug":"genuine-rabbit-leather-sylish-beret","status":"publish","type":"product","link":"https:\/\/mmyts.wordpresskodulehed.ee\/en\/toode\/genuine-rabbit-leather-sylish-beret\/","title":{"rendered":"Genuine rabbit leather sylish beret"},"content":{"rendered":"<p>Genuine rabbit fur hat<\/p>\n<p>Size L\/XL<\/p>\n","protected":false},"excerpt":{"rendered":"<p>beret, nahast barett, barett, m\u00fcts, talvem\u00fcts, kevadm\u00fcts, leatehr hat, leather beret <\/p>\n","protected":false},"featured_media":19337,"template":"","meta":{"_gspb_post_css":""},"product_brand":[],"product_cat":[286,275],"product_tag":[],"class_list":{"0":"post-36966","1":"product","2":"type-product","3":"status-publish","4":"has-post-thumbnail","6":"product_cat-new-collection","7":"product_cat-winter-hats","9":"first","10":"instock","11":"shipping-taxable","12":"purchasable","13":"product-type-variable"},"_links":{"self":[{"href":"https:\/\/mmyts.wordpresskodulehed.ee\/en\/wp-json\/wp\/v2\/product\/36966","targetHints":{"allow":["GET"]}}],"collection":[{"href":"https:\/\/mmyts.wordpresskodulehed.ee\/en\/wp-json\/wp\/v2\/product"}],"about":[{"href":"https:\/\/mmyts.wordpresskodulehed.ee\/en\/wp-json\/wp\/v2\/types\/product"}],"wp:featuredmedia":[{"embeddable":true,"href":"https:\/\/mmyts.wordpresskodulehed.ee\/en\/wp-json\/wp\/v2\/media\/19337"}],"wp:attachment":[{"href":"https:\/\/mmyts.wordpresskodulehed.ee\/en\/wp-json\/wp\/v2\/media?parent=36966"}],"wp:term":[{"taxonomy":"product_brand","embeddable":true,"href":"https:\/\/mmyts.wordpresskodulehed.ee\/en\/wp-json\/wp\/v2\/product_brand?post=36966"},{"taxonomy":"product_cat","embeddable":true,"href":"https:\/\/mmyts.wordpresskodulehed.ee\/en\/wp-json\/wp\/v2\/product_cat?post=36966"},{"taxonomy":"product_tag","embeddable":true,"href":"https:\/\/mmyts.wordpresskodulehed.ee\/en\/wp-json\/wp\/v2\/product_tag?post=36966"}],"curies":[{"name":"wp","href":"https:\/\/api.w.org\/{rel}","templated":true}]}}