{"id":37531,"date":"2026-05-05T17:49:46","date_gmt":"2026-05-05T17:49:46","guid":{"rendered":"https:\/\/mmyts.wordpresskodulehed.ee\/toode\/large-knitted-peaked-rasta-hat\/"},"modified":"2026-05-05T17:49:46","modified_gmt":"2026-05-05T17:49:46","slug":"large-knitted-peaked-rasta-hat","status":"publish","type":"product","link":"https:\/\/mmyts.wordpresskodulehed.ee\/en\/toode\/large-knitted-peaked-rasta-hat\/","title":{"rendered":"Large Knitted Peaked Rasta Hat"},"content":{"rendered":"<p><span class=\"base\" data-ui-id=\"page-title-wrapper\">Large Knitted Peaked Rasta Hat<\/span><\/p>\n<p><span style=\"font-family: Roboto, Helvetica, Arial, sans-serif;font-size: 14px\">A Large Knitted Peaked Rasta Hat is a colorful, brimmed hat made from knitted yarn, often associated with Rastafarian culture. It is typically large in size and features bold<\/span><\/p>\n","protected":false},"excerpt":{"rendered":"<p>talvem\u00fcts, talvem\u00fctsid, soe talvem\u00fcts,<br \/>\nsoe m\u00fcts, m\u00fcts , tutim\u00fcts, tutim\u00fctsid, eesti disain, surfim\u00fcts, k\u00e4sit\u00f6\u00f6, heegeldatud m\u00fcts, kootud m\u00fcts, eesti, eesti k\u00e4sit\u00f6\u00f6, k\u00e4sit\u00f6\u00f6 m\u00fcts, unikaalne<\/p>\n","protected":false},"featured_media":19526,"template":"","meta":{"_gspb_post_css":""},"product_brand":[],"product_cat":[32,65],"product_tag":[],"class_list":{"0":"post-37531","1":"product","2":"type-product","3":"status-publish","4":"has-post-thumbnail","6":"product_cat-baretid","7":"product_cat-uus-kollektsioon","8":"pa_varv-kollane","9":"pa_varv-must","11":"first","12":"instock","13":"shipping-taxable","14":"product-type-variable"},"_links":{"self":[{"href":"https:\/\/mmyts.wordpresskodulehed.ee\/en\/wp-json\/wp\/v2\/product\/37531","targetHints":{"allow":["GET"]}}],"collection":[{"href":"https:\/\/mmyts.wordpresskodulehed.ee\/en\/wp-json\/wp\/v2\/product"}],"about":[{"href":"https:\/\/mmyts.wordpresskodulehed.ee\/en\/wp-json\/wp\/v2\/types\/product"}],"wp:featuredmedia":[{"embeddable":true,"href":"https:\/\/mmyts.wordpresskodulehed.ee\/en\/wp-json\/wp\/v2\/media\/19526"}],"wp:attachment":[{"href":"https:\/\/mmyts.wordpresskodulehed.ee\/en\/wp-json\/wp\/v2\/media?parent=37531"}],"wp:term":[{"taxonomy":"product_brand","embeddable":true,"href":"https:\/\/mmyts.wordpresskodulehed.ee\/en\/wp-json\/wp\/v2\/product_brand?post=37531"},{"taxonomy":"product_cat","embeddable":true,"href":"https:\/\/mmyts.wordpresskodulehed.ee\/en\/wp-json\/wp\/v2\/product_cat?post=37531"},{"taxonomy":"product_tag","embeddable":true,"href":"https:\/\/mmyts.wordpresskodulehed.ee\/en\/wp-json\/wp\/v2\/product_tag?post=37531"}],"curies":[{"name":"wp","href":"https:\/\/api.w.org\/{rel}","templated":true}]}}