{"id":37715,"date":"2026-05-05T15:56:54","date_gmt":"2026-05-05T12:56:54","guid":{"rendered":"https:\/\/mmyts.wordpresskodulehed.ee\/toode\/classical-v-neck-t-shirt-for-men\/"},"modified":"2026-05-07T16:29:14","modified_gmt":"2026-05-07T13:29:14","slug":"classical-v-neck-t-shirt-for-men-2","status":"publish","type":"product","link":"https:\/\/mmyts.wordpresskodulehed.ee\/en\/toode\/classical-v-neck-t-shirt-for-men-2\/","title":{"rendered":"Classical V-neck T-shirt for men"},"content":{"rendered":"<ul>\n<li>Quality V-neck T-shirt for men<\/li>\n<li>Quality neckline with added 5 %elastane<\/li>\n<li>Seanmless body<\/li>\n<li>Long lasting material&nbsp; 160g\/m2<\/li>\n<li>100% cotton<\/li>\n<li>Washable at 40\u00b0C<\/li>\n<li>Different colours available<\/li>\n<\/ul>\n<table border=\"1\" cellpadding=\"1\" cellspacing=\"1\" style=\"font-size: 13px;width: 800px\">\n<tbody>\n<tr>\n<td>&nbsp;Size<\/td>\n<td>&nbsp;S<\/td>\n<td>&nbsp;M<\/td>\n<td>&nbsp;L<\/td>\n<td>&nbsp;XL<\/td>\n<td>&nbsp;XXL<\/td>\n<td>&nbsp;XXXL<\/td>\n<\/tr>\n<tr>\n<td>&nbsp;Length cm<\/td>\n<td>&nbsp;66<\/td>\n<td>&nbsp;69<\/td>\n<td>&nbsp;72<\/td>\n<td>&nbsp;75<\/td>\n<td>&nbsp;78<\/td>\n<td>&nbsp;81<\/td>\n<\/tr>\n<tr>\n<td>&nbsp;1\/2 chest cm<\/td>\n<td>&nbsp;46<\/td>\n<td>&nbsp;49<\/td>\n<td>&nbsp;53<\/td>\n<td>&nbsp;57<\/td>\n<td>&nbsp;61<\/td>\n<td>&nbsp;65<\/td>\n<\/tr>\n<tr>\n<td>&nbsp;Sleeve length cm<\/td>\n<td>&nbsp;17<\/td>\n<td>&nbsp;18<\/td>\n<td>&nbsp;19<\/td>\n<td>&nbsp;20<\/td>\n<td>&nbsp;21<\/td>\n<td>&nbsp;22<\/td>\n<\/tr>\n<\/tbody>\n<\/table>\n","protected":false},"excerpt":{"rendered":"<p>T-s\u00e4rk, T-shirt, quality t-shirt, s\u00e4rk, suves\u00e4rk, suvine s\u00e4rk, summer shirt, kvaliteetne t-s\u00e4rk, quality shirt, kvaliteetne s\u00e4rk, reklaams\u00e4rk, v-kaelusega s\u00e4rk, v-neck shirt.<\/p>\n","protected":false},"featured_media":16322,"template":"","meta":{"_gspb_post_css":""},"product_brand":[],"product_cat":[44],"product_tag":[],"class_list":{"0":"post-37715","1":"product","2":"type-product","3":"status-publish","4":"has-post-thumbnail","6":"product_cat-sargid-t-sargid","7":"pa_varv-hall","8":"pa_varv-helesinine","9":"pa_varv-khaki","10":"pa_varv-kollane","11":"pa_varv-mundiroheline","12":"pa_varv-must","13":"pa_varv-pruun","14":"pa_varv-punane","15":"pa_varv-roheline","16":"pa_varv-roosa","17":"pa_varv-sinine","18":"pa_varv-teksasinine","19":"pa_varv-tumehall","20":"pa_varv-tumesinine","21":"pa_varv-valge","23":"first","24":"instock","25":"sale","26":"shipping-taxable","27":"purchasable","28":"product-type-variable"},"_links":{"self":[{"href":"https:\/\/mmyts.wordpresskodulehed.ee\/en\/wp-json\/wp\/v2\/product\/37715","targetHints":{"allow":["GET"]}}],"collection":[{"href":"https:\/\/mmyts.wordpresskodulehed.ee\/en\/wp-json\/wp\/v2\/product"}],"about":[{"href":"https:\/\/mmyts.wordpresskodulehed.ee\/en\/wp-json\/wp\/v2\/types\/product"}],"wp:featuredmedia":[{"embeddable":true,"href":"https:\/\/mmyts.wordpresskodulehed.ee\/en\/wp-json\/wp\/v2\/media\/16322"}],"wp:attachment":[{"href":"https:\/\/mmyts.wordpresskodulehed.ee\/en\/wp-json\/wp\/v2\/media?parent=37715"}],"wp:term":[{"taxonomy":"product_brand","embeddable":true,"href":"https:\/\/mmyts.wordpresskodulehed.ee\/en\/wp-json\/wp\/v2\/product_brand?post=37715"},{"taxonomy":"product_cat","embeddable":true,"href":"https:\/\/mmyts.wordpresskodulehed.ee\/en\/wp-json\/wp\/v2\/product_cat?post=37715"},{"taxonomy":"product_tag","embeddable":true,"href":"https:\/\/mmyts.wordpresskodulehed.ee\/en\/wp-json\/wp\/v2\/product_tag?post=37715"}],"curies":[{"name":"wp","href":"https:\/\/api.w.org\/{rel}","templated":true}]}}